{"id":42919,"date":"2026-02-06T07:36:07","date_gmt":"2026-02-06T07:36:07","guid":{"rendered":"https:\/\/thepatelfirm.com\/?page_id=42919"},"modified":"2026-02-23T11:13:57","modified_gmt":"2026-02-23T11:13:57","slug":"accidentes-de-motocicleta","status":"publish","type":"page","link":"https:\/\/thepatelfirm.com\/es\/accidentes-de-motocicleta\/","title":{"rendered":"Abogado de accidentes de motocicleta en Corpus Christi"},"content":{"rendered":"<p>Los motociclistas tienen el mismo derecho a utilizar la v\u00eda p\u00fablica que los conductores de veh\u00edculos particulares y comerciales. Lamentablemente, estos usuarios vulnerables de la carretera enfrentan desaf\u00edos \u00fanicos cuando intentan buscar justicia despu\u00e9s de una colisi\u00f3n de motocicleta. El sesgo en contra de los motociclistas por parte de las aseguradoras y del p\u00fablico en general puede hacer que sea m\u00e1s dif\u00edcil de lo que deber\u00eda ser para los motociclistas obtener la compensaci\u00f3n que merecen.<\/p>\n<p>Si usted estuvo involucrado recientemente en un accidente de motocicleta en la I-37 o en la US-181 en Corpus Christi, necesita el respaldo de un abogado con experiencia para buscar una recuperaci\u00f3n financiera por parte de la persona que caus\u00f3 la colisi\u00f3n. The Patel Firm est\u00e1 disponible las 24 horas del d\u00eda, los 7 d\u00edas de la semana, para responder a su solicitud de una consulta inicial gratuita y analizar su caso. Cont\u00e1ctenos hoy mismo para recibir la representaci\u00f3n personalizada que necesita y merece.<\/p>\n<h2>Por qu\u00e9 debe contratar a un abogado de Corpus Christi para un reclamo por accidente de motocicleta<\/h2>\n<p>Despu\u00e9s de un accidente de motocicleta, usted puede enfrentar un proceso de recuperaci\u00f3n prolongado y facturas m\u00e9dicas significativas. Si sus lesiones le obligan a ausentarse del trabajo, es posible que se sienta inseguro sobre c\u00f3mo proceder. Mientras tanto, las aseguradoras pueden presionarlo para que acepte un acuerdo antes de que usted comprenda a plenitud el impacto de sus lesiones. En resumen, puede sentirse como si estuviera solo contra el mundo.<\/p>\n<p>Un abogado de accidentes de motocicleta en Corpus Christi puede ayudarle a recuperar el control. Su abogado defender\u00e1 sus derechos y proteger\u00e1 su reclamo frente a t\u00e1cticas injustas. Con asesor\u00eda legal informada, usted puede abordar su caso desde una posici\u00f3n de fortaleza en lugar de frustraci\u00f3n o incertidumbre. Trabajar con alguien que comprenda la ley de lesiones personales de Texas le brinda confianza y tranquilidad al saber que su caso est\u00e1 siendo manejado con cuidado y determinaci\u00f3n.<\/p>\n<p>Cont\u00e1ctenos hoy mismo para hablar con un abogado calificado en accidentes de motocicleta en Corpus Christi. La revisi\u00f3n de su caso es gratuita y completamente confidencial, y usted no pagar\u00e1 nada a menos que ganemos su caso.<\/p>\n<h2>C\u00f3mo investigamos los casos de accidentes de motocicleta en Corpus Christi<\/h2>\n<p>Un caso de accidente de motocicleta bien documentado proporciona la base necesaria para obtener una compensaci\u00f3n significativa. Esto requiere investigar lo ocurrido y prestar una atenci\u00f3n precisa a los detalles. The Patel Firm comienza cada caso analizando c\u00f3mo ocurri\u00f3 el accidente e identificando todos los factores que contribuyeron al mismo. Nuestro exhaustivo proceso de investigaci\u00f3n para obtener una visi\u00f3n completa de lo sucedido incluye lo siguiente:<\/p>\n<ul>\n<li>Fotografiar la escena<\/li>\n<li>Revisar los informes policiales<\/li>\n<li>Recopilar pruebas f\u00edsicas, como piezas da\u00f1adas<\/li>\n<li>Localizar grabaciones de c\u00e1maras de vigilancia o de tr\u00e1fico<\/li>\n<li>Entrevistar a testigos<\/li>\n<li>Consultar a expertos para reconstruir la secuencia de los hechos<\/li>\n<\/ul>\n<p>Tambi\u00e9n analizamos factores externos que pueden causar o contribuir a los accidentes de motocicleta. En Corpus Christi, factores como las condiciones de la carretera, las zonas de construcci\u00f3n y el clima costero pueden influir en las circunstancias que rodean una colisi\u00f3n.<\/p>\n<p>Las s\u00f3lidas habilidades de investigaci\u00f3n son fundamentales porque no siempre est\u00e1 claro qui\u00e9n es responsable, y en ocasiones los detalles m\u00e1s peque\u00f1os pueden determinar si una aseguradora acepta o rechaza un reclamo. Al recopilar y preservar de forma adecuada las pruebas, el equipo de The Patel Firm puede fortalecer su posici\u00f3n y demostrar c\u00f3mo la negligencia de otra persona provoc\u00f3 sus lesiones.<\/p>\n<h2>\u00bfQu\u00e9 compensaci\u00f3n podr\u00eda recuperar en un reclamo por accidente de motocicleta en Corpus Christi?<\/h2>\n<p>La compensaci\u00f3n disponible despu\u00e9s de una colisi\u00f3n de motocicleta en la Crosstown Expressway depende de numerosos factores. Por ejemplo, la naturaleza y gravedad de sus lesiones influir\u00e1n en la cantidad de atenci\u00f3n m\u00e9dica que requiera y, en consecuencia, en el monto de los gastos m\u00e9dicos que enfrente. Las lesiones m\u00e1s graves, con complicaciones duraderas, suelen dar lugar a una mayor compensaci\u00f3n que aquellas que sanan por completo. Factores como el n\u00famero de partes responsables y la cantidad de cobertura de seguro disponible tambi\u00e9n pueden afectar la compensaci\u00f3n total.<\/p>\n<p>Si bien los detalles var\u00edan de un caso a otro, muchas v\u00edctimas de accidentes de motocicleta en Texas buscan compensaci\u00f3n por lo siguiente:<\/p>\n<ul>\n<li>Gastos m\u00e9dicos pasados, actuales y futuros previstos<\/li>\n<li>P\u00e9rdida de ingresos, incluida la p\u00e9rdida del potencial y la capacidad de generar ingresos<\/li>\n<li>Dolor y sufrimiento f\u00edsico y emocional<\/li>\n<li>Disminuci\u00f3n de la calidad y el disfrute de la vida<\/li>\n<li>Da\u00f1os a la motocicleta y reparaci\u00f3n o reemplazo de otros bienes personales da\u00f1ados<\/li>\n<\/ul>\n<h2>\u00bfQu\u00e9 debo hacer despu\u00e9s de un accidente de motocicleta?<\/h2>\n<p>Los d\u00edas y semanas posteriores a un accidente de motocicleta pueden ser confusos y estresantes. Su atenci\u00f3n m\u00e9dica siempre debe ser la prioridad, pero tambi\u00e9n es importante que haga lo siguiente para proteger su derecho a una compensaci\u00f3n:<\/p>\n<ul>\n<li>Mantener registros detallados de su tratamiento m\u00e9dico y del tiempo de trabajo perdido.<\/li>\n<li>Tomar notas durante cualquier conversaci\u00f3n con ajustadores de seguros y evitar hacer declaraciones o firmar documentos antes de comprender sus implicaciones.<\/li>\n<li>Documentar cualquier s\u00edntoma nuevo o complicaci\u00f3n que aparezca a medida que evolucionen sus lesiones.<\/li>\n<li>Anotar sus recuerdos del accidente mientras a\u00fan est\u00e9n frescos.<\/li>\n<\/ul>\n<p>Durante este per\u00edodo, es posible que reciba llamadas de m\u00faltiples partes, incluidas las aseguradoras, que buscan informaci\u00f3n sobre la colisi\u00f3n. No responda a sus preguntas; en su lugar, consulte con un abogado de accidentes de motocicleta en Corpus Christi desde las primeras etapas del proceso. Ellos pueden hablar en su nombre y ayudarle a evitar errores que podr\u00edan afectar posteriormente el resultado de su caso.<\/p>\n<h2>\u00bfEn qu\u00e9 se diferencia un accidente de motocicleta de un accidente automovil\u00edstico?<\/h2>\n<p>Los accidentes de motocicleta se diferencian de los accidentes automovil\u00edsticos tanto en su din\u00e1mica como en sus consecuencias. Los motociclistas est\u00e1n expuestos directamente al impacto y, a menudo, sufren lesiones m\u00e1s graves, incluso en colisiones a baja velocidad. Adem\u00e1s, las motocicletas son menos visibles para otros conductores, lo que aumenta la probabilidad de que pasen desapercibidas en el tr\u00e1fico. Estas diferencias hacen que las disputas sobre responsabilidad y los reclamos por lesiones sean m\u00e1s complejas y desafiantes.<\/p>\n<h2>\u00bfQui\u00e9n podr\u00eda ser considerado responsable de un accidente de motocicleta en Corpus Christi?<\/h2>\n<p>Determinar qui\u00e9n es financieramente responsable de un accidente de motocicleta requiere una investigaci\u00f3n minuciosa de todos los factores que condujeron a la colisi\u00f3n. Dependiendo de c\u00f3mo ocurri\u00f3 el accidente y de lo que revele la evidencia, varias partes pueden compartir la responsabilidad. Identificarlas a todas ayuda a fortalecer su reclamo por accidente de motocicleta y a maximizar su posible recuperaci\u00f3n.<\/p>\n<p>Las partes potencialmente responsables pueden incluir las siguientes:<\/p>\n<ul>\n<li>Conductores negligentes que violaron las leyes de tr\u00e1nsito o no cedieron el paso<\/li>\n<li>Propietarios de veh\u00edculos que permitieron la operaci\u00f3n insegura de sus veh\u00edculos<\/li>\n<li>Empleadores de conductores comerciales involucrados en el accidente<\/li>\n<li>Fabricantes de motocicletas que produjeron piezas defectuosas<\/li>\n<li>Agencias gubernamentales o contratistas responsables de condiciones peligrosas en la carretera<\/li>\n<\/ul>\n<h2>\u00bfPuedo recuperar compensaci\u00f3n si tengo parte de la culpa en un accidente de motocicleta?<\/h2>\n<p>Usted puede recuperar compensaci\u00f3n incluso si tiene responsabilidad parcial. Sin embargo, la <a href=\"https:\/\/statutes.capitol.texas.gov\/Docs\/CP\/htm\/CP.33.htm\"><u>ley de Texas<\/u><\/a>\u00a0proh\u00edbe la recuperaci\u00f3n financiera a cualquier persona que sea responsable en m\u00e1s del 50% del accidente que le caus\u00f3 las lesiones. Adem\u00e1s, cualquier compensaci\u00f3n que reciba se reducir\u00e1 en proporci\u00f3n a su porcentaje de culpa.<\/p>\n<p>A continuaci\u00f3n se presenta un ejemplo pr\u00e1ctico de c\u00f3mo funciona esta norma. Suponga que se le otorgan $100,000, pero se determina que usted tiene un 20% de responsabilidad. En ese caso, la ley estatal limitar\u00e1 su compensaci\u00f3n a $80,000, lo que representa un 20% menos que la cantidad original otorgada.<\/p>\n<p>Las aseguradoras suelen intentar utilizar esta regla a su favor. Tratar\u00e1n de desviar la culpa de su asegurado hacia el motociclista lesionado para reducir el monto que deben pagar. Por esta raz\u00f3n, es importante contar con un abogado de accidentes de motocicleta en Corpus Christi que defienda sus intereses y cuestione evaluaciones injustas.<\/p>\n<p>The Patel Firm puede revisar la evidencia y presentar un panorama preciso de c\u00f3mo ocurri\u00f3 el accidente, protegiendo as\u00ed su derecho a una compensaci\u00f3n justa durante todo el proceso.<\/p>\n<h2>\u00bfCu\u00e1nto tiempo tengo para presentar una demanda por accidente de motocicleta en Texas?<\/h2>\n<p>La ley de Texas otorga a los motociclistas lesionados un plazo limitado para presentar una demanda por accidente de motocicleta; en la mayor\u00eda de los casos, este plazo es de solo dos a\u00f1os a partir de la fecha del accidente. Si usted no cumple con este plazo, por lo general perder\u00e1 su derecho a buscar compensaci\u00f3n por accidente de motocicleta ante los tribunales.<\/p>\n<p>Dado que la evidencia puede deteriorarse r\u00e1pidamente y que los testigos confiables pueden ser m\u00e1s dif\u00edciles de localizar con el paso del tiempo, lo m\u00e1s recomendable es contactar a un abogado con experiencia en accidentes de motocicleta lo antes posible para proteger su reclamo.<\/p>\n<h2>\u00bfCu\u00e1les son los tipos y causas comunes de accidentes de motocicleta en Corpus Christi?<\/h2>\n<p>Los accidentes de motocicleta ocurren de muchas maneras diferentes. Algunos de los tipos de choques m\u00e1s comunes incluyen los siguientes:<\/p>\n<ul>\n<li>Colisiones por alcance<\/li>\n<li>Accidentes en giros a la izquierda, en los que un conductor invade la trayectoria del motociclista<\/li>\n<li>Choques laterales causados por cambios de carril inseguros<\/li>\n<li>Accidentes de un solo veh\u00edculo provocados por peligros en la carretera o escombros<\/li>\n<\/ul>\n<p>Muchos de estos incidentes se originan en condiciones fuera del control del motociclista. Entre las principales se encuentra la falta de atenci\u00f3n de otros conductores. Cuando los conductores exceden la velocidad, est\u00e1n distra\u00eddos, desatentos o realizan maniobras peligrosas, es m\u00e1s probable que provoquen una colisi\u00f3n con un motociclista. Esto se debe a que estas conductas dificultan reaccionar con rapidez y evitar un accidente.<\/p>\n<p>En otras ocasiones, factores externos pueden causar o contribuir a un accidente de motocicleta. En Corpus Christi y las comunidades circundantes, las tormentas repentinas o la acumulaci\u00f3n de aceite en la carretera pueden hacer que las condiciones sean m\u00e1s peligrosas tanto para motociclistas como para conductores. Los grandes veh\u00edculos comerciales y el tr\u00e1fico costero intenso en v\u00edas como Padre Island Drive tambi\u00e9n representan un riesgo significativo para los motociclistas.<\/p>\n<h2>\u00bfCu\u00e1les son las lesiones t\u00edpicas resultantes de una colisi\u00f3n de motocicleta?<\/h2>\n<p>Los accidentes de motocicleta pueden causar una amplia variedad de lesiones que requieren tratamiento m\u00e9dico extenso y, en algunos casos, atenci\u00f3n de emergencia para abordar da\u00f1os potencialmente mortales. Algunas de las lesiones m\u00e1s comunes en los accidentes de motocicleta incluyen:<\/p>\n<ul>\n<li>Lesiones en la cabeza, incluidas conmociones cerebrales y lesiones cerebrales traum\u00e1ticas<\/li>\n<li>Lesiones en la m\u00e9dula espinal que provocan par\u00e1lisis o movilidad limitada<\/li>\n<li>Fracturas \u00f3seas, en particular en las extremidades y las costillas<\/li>\n<li>Abrasiones severas en la piel (road rash)<\/li>\n<li>Lesiones internas, incluido sangrado interno o traumatismo de \u00f3rganos<\/li>\n<li>Lesiones faciales y dentales<\/li>\n<li>Amputaciones o lesiones por aplastamiento<\/li>\n<li>Trauma psicol\u00f3gico, incluida la ansiedad y el estr\u00e9s postraum\u00e1tico<\/li>\n<\/ul>\n<h2>Contacte hoy mismo a un abogado de accidentes de motocicleta en Corpus Christi<\/h2>\n<p>En The Patel Firm, usted nunca ser\u00e1 tratado como un simple n\u00famero de caso. Entendemos que usted es una persona con necesidades e inquietudes \u00fanicas y espec\u00edficas, y trabajaremos diligentemente para lograr el resultado que usted busca en su reclamo por accidente de motocicleta. Nuestros abogados cuentan con una s\u00f3lida trayectoria en casos que involucran a v\u00edctimas de accidentes de motocicleta en la regi\u00f3n de Coastal Bend y en todo Texas.<\/p>\n<p>Si usted sufri\u00f3 recientemente lesiones en un accidente de motocicleta, permita que un abogado de accidentes de motocicleta en Corpus Christi le brinde la representaci\u00f3n personalizada que usted merece. Cont\u00e1ctenos hoy mismo para programar una consulta gratuita y sin compromiso y conocer m\u00e1s sobre lo que nuestro bufete de abogados especializado en accidentes de motocicleta puede hacer por usted.<\/p>\n","protected":false},"excerpt":{"rendered":"<p>Los motociclistas tienen el mismo derecho a utilizar la v\u00eda p\u00fablica que los conductores de veh\u00edculos particulares y comerciales. Lamentablemente, estos usuarios vulnerables de la carretera enfrentan desaf\u00edos \u00fanicos cuando intentan buscar justicia despu\u00e9s de una colisi\u00f3n de motocicleta. El sesgo en contra de los motociclistas por parte de las aseguradoras y del p\u00fablico en [&hellip;]<\/p>\n","protected":false},"author":6,"featured_media":47727,"parent":0,"menu_order":8,"comment_status":"closed","ping_status":"closed","template":"","meta":{"_acf_changed":false,"footnotes":""},"class_list":["post-42919","page","type-page","status-publish","has-post-thumbnail","hentry"],"acf":[],"yoast_head":"<!-- This site is optimized with the Yoast SEO plugin v27.3 - https:\/\/yoast.com\/product\/yoast-seo-wordpress\/ -->\n<title>Abogado de accidentes de motocicleta en Corpus Christi<\/title>\n<meta name=\"description\" content=\"\u00bfFue v\u00edctima de un accidente de motocicleta en Corpus Christi? Nuestros abogados lo ayudar\u00e1n a obtener una compensaci\u00f3n por gastos m\u00e9dicos y salarios perdidos.\" \/>\n<meta name=\"robots\" content=\"index, follow, max-snippet:-1, max-image-preview:large, max-video-preview:-1\" \/>\n<link rel=\"canonical\" href=\"https:\/\/thepatelfirm.com\/es\/accidentes-de-motocicleta\/\" \/>\n<meta property=\"og:locale\" content=\"es_ES\" \/>\n<meta property=\"og:type\" content=\"article\" \/>\n<meta property=\"og:title\" content=\"Abogado de accidentes de motocicleta en Corpus Christi\" \/>\n<meta property=\"og:description\" content=\"\u00bfFue v\u00edctima de un accidente de motocicleta en Corpus Christi? Nuestros abogados lo ayudar\u00e1n a obtener una compensaci\u00f3n por gastos m\u00e9dicos y salarios perdidos.\" \/>\n<meta property=\"og:url\" content=\"https:\/\/thepatelfirm.com\/es\/accidentes-de-motocicleta\/\" \/>\n<meta property=\"og:site_name\" content=\"thepatelfirm.com Managed WordPress Site\" \/>\n<meta property=\"article:publisher\" content=\"https:\/\/www.facebook.com\/thepatelfirmpllc\/\" \/>\n<meta property=\"article:modified_time\" content=\"2026-02-23T11:13:57+00:00\" \/>\n<meta property=\"og:image\" content=\"https:\/\/thepatelfirm.com\/wp-content\/uploads\/2026\/02\/Corpus-Christi-Motorcycle-Accident-Lawyer-1.png\" \/>\n\t<meta property=\"og:image:width\" content=\"810\" \/>\n\t<meta property=\"og:image:height\" content=\"330\" \/>\n\t<meta property=\"og:image:type\" content=\"image\/png\" \/>\n<meta name=\"twitter:card\" content=\"summary_large_image\" \/>\n<meta name=\"twitter:site\" content=\"@ThePatelLawFirm\" \/>\n<meta name=\"twitter:label1\" content=\"Tiempo de lectura\" \/>\n\t<meta name=\"twitter:data1\" content=\"9 minutos\" \/>\n<!-- \/ Yoast SEO plugin. -->","yoast_head_json":{"title":"Abogado de accidentes de motocicleta en Corpus Christi","description":"\u00bfFue v\u00edctima de un accidente de motocicleta en Corpus Christi? Nuestros abogados lo ayudar\u00e1n a obtener una compensaci\u00f3n por gastos m\u00e9dicos y salarios perdidos.","robots":{"index":"index","follow":"follow","max-snippet":"max-snippet:-1","max-image-preview":"max-image-preview:large","max-video-preview":"max-video-preview:-1"},"canonical":"https:\/\/thepatelfirm.com\/es\/accidentes-de-motocicleta\/","og_locale":"es_ES","og_type":"article","og_title":"Abogado de accidentes de motocicleta en Corpus Christi","og_description":"\u00bfFue v\u00edctima de un accidente de motocicleta en Corpus Christi? Nuestros abogados lo ayudar\u00e1n a obtener una compensaci\u00f3n por gastos m\u00e9dicos y salarios perdidos.","og_url":"https:\/\/thepatelfirm.com\/es\/accidentes-de-motocicleta\/","og_site_name":"thepatelfirm.com Managed WordPress Site","article_publisher":"https:\/\/www.facebook.com\/thepatelfirmpllc\/","article_modified_time":"2026-02-23T11:13:57+00:00","og_image":[{"width":810,"height":330,"url":"https:\/\/thepatelfirm.com\/wp-content\/uploads\/2026\/02\/Corpus-Christi-Motorcycle-Accident-Lawyer-1.png","type":"image\/png"}],"twitter_card":"summary_large_image","twitter_site":"@ThePatelLawFirm","twitter_misc":{"Tiempo de lectura":"9 minutos"},"schema":{"@context":"https:\/\/schema.org","@graph":[{"@type":"WebPage","@id":"https:\/\/thepatelfirm.com\/es\/accidentes-de-motocicleta\/","url":"https:\/\/thepatelfirm.com\/es\/accidentes-de-motocicleta\/","name":"Abogado de accidentes de motocicleta en Corpus Christi","isPartOf":{"@id":"https:\/\/thepatelfirm.com\/es\/#website"},"primaryImageOfPage":{"@id":"https:\/\/thepatelfirm.com\/es\/accidentes-de-motocicleta\/#primaryimage"},"image":{"@id":"https:\/\/thepatelfirm.com\/es\/accidentes-de-motocicleta\/#primaryimage"},"thumbnailUrl":"https:\/\/thepatelfirm.com\/wp-content\/uploads\/2026\/02\/Corpus-Christi-Motorcycle-Accident-Lawyer-1.png","datePublished":"2026-02-06T07:36:07+00:00","dateModified":"2026-02-23T11:13:57+00:00","description":"\u00bfFue v\u00edctima de un accidente de motocicleta en Corpus Christi? Nuestros abogados lo ayudar\u00e1n a obtener una compensaci\u00f3n por gastos m\u00e9dicos y salarios perdidos.","breadcrumb":{"@id":"https:\/\/thepatelfirm.com\/es\/accidentes-de-motocicleta\/#breadcrumb"},"inLanguage":"es","potentialAction":[{"@type":"ReadAction","target":["https:\/\/thepatelfirm.com\/es\/accidentes-de-motocicleta\/"]}]},{"@type":"ImageObject","inLanguage":"es","@id":"https:\/\/thepatelfirm.com\/es\/accidentes-de-motocicleta\/#primaryimage","url":"https:\/\/thepatelfirm.com\/wp-content\/uploads\/2026\/02\/Corpus-Christi-Motorcycle-Accident-Lawyer-1.png","contentUrl":"https:\/\/thepatelfirm.com\/wp-content\/uploads\/2026\/02\/Corpus-Christi-Motorcycle-Accident-Lawyer-1.png","width":810,"height":330},{"@type":"BreadcrumbList","@id":"https:\/\/thepatelfirm.com\/es\/accidentes-de-motocicleta\/#breadcrumb","itemListElement":[{"@type":"ListItem","position":1,"name":"","item":"https:\/\/thepatelfirm.com\/es\/"},{"@type":"ListItem","position":2,"name":"Abogado de accidentes de motocicleta en Corpus Christi"}]},{"@type":"WebSite","@id":"https:\/\/thepatelfirm.com\/es\/#website","url":"https:\/\/thepatelfirm.com\/es\/","name":"The Patel Firm","description":"","publisher":{"@id":"https:\/\/thepatelfirm.com\/es\/#organization"},"potentialAction":[{"@type":"SearchAction","target":{"@type":"EntryPoint","urlTemplate":"https:\/\/thepatelfirm.com\/es\/?s={search_term_string}"},"query-input":{"@type":"PropertyValueSpecification","valueRequired":true,"valueName":"search_term_string"}}],"inLanguage":"es"},{"@type":"Organization","@id":"https:\/\/thepatelfirm.com\/es\/#organization","name":"The Patel Firm","url":"https:\/\/thepatelfirm.com\/es\/","logo":{"@type":"ImageObject","inLanguage":"es","@id":"https:\/\/thepatelfirm.com\/es\/#\/schema\/logo\/image\/","url":"https:\/\/thepatelfirm.com\/wp-content\/uploads\/2026\/01\/logo-header.svg","contentUrl":"https:\/\/thepatelfirm.com\/wp-content\/uploads\/2026\/01\/logo-header.svg","width":1,"height":1,"caption":"The Patel Firm"},"image":{"@id":"https:\/\/thepatelfirm.com\/es\/#\/schema\/logo\/image\/"},"sameAs":["https:\/\/www.facebook.com\/thepatelfirmpllc\/","https:\/\/x.com\/ThePatelLawFirm","https:\/\/www.instagram.com\/thepatellawfirm\/","https:\/\/www.linkedin.com\/company\/the-patel-firm-pllc","https:\/\/www.youtube.com\/channel\/UCftZ8j9wF-HsOsFYtd8HDog"]}]}},"_links":{"self":[{"href":"https:\/\/thepatelfirm.com\/es\/wp-json\/wp\/v2\/pages\/42919","targetHints":{"allow":["GET"]}}],"collection":[{"href":"https:\/\/thepatelfirm.com\/es\/wp-json\/wp\/v2\/pages"}],"about":[{"href":"https:\/\/thepatelfirm.com\/es\/wp-json\/wp\/v2\/types\/page"}],"author":[{"embeddable":true,"href":"https:\/\/thepatelfirm.com\/es\/wp-json\/wp\/v2\/users\/6"}],"replies":[{"embeddable":true,"href":"https:\/\/thepatelfirm.com\/es\/wp-json\/wp\/v2\/comments?post=42919"}],"version-history":[{"count":0,"href":"https:\/\/thepatelfirm.com\/es\/wp-json\/wp\/v2\/pages\/42919\/revisions"}],"wp:featuredmedia":[{"embeddable":true,"href":"https:\/\/thepatelfirm.com\/es\/wp-json\/wp\/v2\/media\/47727"}],"wp:attachment":[{"href":"https:\/\/thepatelfirm.com\/es\/wp-json\/wp\/v2\/media?parent=42919"}],"curies":[{"name":"wp","href":"https:\/\/api.w.org\/{rel}","templated":true}]}}