{"id":42933,"date":"2026-02-06T07:36:50","date_gmt":"2026-02-06T07:36:50","guid":{"rendered":"https:\/\/thepatelfirm.com\/?page_id=42933"},"modified":"2026-02-23T11:15:14","modified_gmt":"2026-02-23T11:15:14","slug":"accidentes-de-camiones","status":"publish","type":"page","link":"https:\/\/thepatelfirm.com\/es\/accidentes-de-camiones\/","title":{"rendered":"Abogado de accidentes de camiones en Corpus Christi"},"content":{"rendered":"<p>Los accidentes que involucran camiones comerciales de gran tama\u00f1o se encuentran entre las colisiones m\u00e1s peligrosas que ocurren en la US-181, la Crosstown Expressway y otras v\u00edas dentro y alrededor de Corpus Christi. Debido a diversos factores, tambi\u00e9n son de los m\u00e1s complejos. Si usted sufri\u00f3 lesiones en un accidente con un tr\u00e1iler de 18 ruedas, podr\u00eda tener derecho a solicitar una compensaci\u00f3n mediante un reclamo por accidente de cami\u00f3n. Sin embargo, si est\u00e1 tratando de seguir con su tratamiento y recuperarse despu\u00e9s de la colisi\u00f3n, este proceso puede representar un desaf\u00edo mucho mayor del que puede manejar por su cuenta.<\/p>\n<p>Aqu\u00ed es donde un abogado de accidentes de cami\u00f3n en Corpus Christi con experiencia y amplios conocimientos puede marcar una diferencia decisiva. Al confiar en The Patel Firm para preparar y presentar un reclamo en su nombre, usted puede concentrarse con mayor tranquilidad en su salud, con la certeza de que un profesional legal capacitado est\u00e1 de su lado.<\/p>\n<p>Comun\u00edquese con nuestra oficina, que se encuentra disponible las 24 horas del d\u00eda, los 7 d\u00edas de la semana, para comenzar con una evaluaci\u00f3n gratuita de su caso. No pagar\u00e1 nada a menos que ganemos su caso.<\/p>\n<h2>Por qu\u00e9 deber\u00eda contratar a un abogado en Corpus Christi para su reclamo por accidente de cami\u00f3n<\/h2>\n<p>La mayor\u00eda de las personas se sienten abrumadas despu\u00e9s de sufrir un accidente grave con un cami\u00f3n de carga. Las facturas m\u00e9dicas comienzan a acumularse mientras que las lesiones limitan su capacidad para trabajar o atender otras responsabilidades cotidianas. Adem\u00e1s, es posible que poco despu\u00e9s del accidente empiece a recibir llamadas de agentes de seguros que solicitan declaraciones o lo presionan para que acepte ofertas de indemnizaci\u00f3n r\u00e1pidas. Al mismo tiempo, las empresas de transporte suelen actuar con rapidez para proteger sus propios intereses, enviando investigadores al lugar de los hechos y recabando pruebas antes de que las v\u00edctimas tengan oportunidad de actuar.<\/p>\n<p>Enfrentar todo esto sin ayuda puede resultar aislante y agotador. El proceso para obtener una compensaci\u00f3n justa por un accidente de cami\u00f3n implica mucho m\u00e1s que simplemente presentar un reclamo. Las regulaciones estatales y federales del transporte hacen que estos casos sean especialmente complejos, y las compa\u00f1\u00edas de camiones cuentan con aseguradoras poderosas y equipos legales que trabajan a su favor. Sin asesor\u00eda legal propia, las pruebas valiosas pueden perderse, y los errores o demoras iniciales pueden terminar afectando todo su caso. Contar con un abogado de accidentes de cami\u00f3n en Corpus Christi de The Patel Firm a su lado significa contar con alguien dedicado en plenitud a proteger sus derechos desde el inicio.<\/p>\n<p>Comun\u00edquese con nosotros hoy mismo para hablar con un abogado calificado en accidentes de cami\u00f3n en Corpus Christi. La revisi\u00f3n de su caso es gratuita y totalmente confidencial.<\/p>\n<h2>C\u00f3mo investigamos los casos de accidentes de cami\u00f3n en Corpus Christi<\/h2>\n<p>Un caso s\u00f3lido de accidente de cami\u00f3n comienza con una investigaci\u00f3n exhaustiva. Para construir un caso que refleje con precisi\u00f3n lo ocurrido, The Patel Firm se esfuerza por descubrir cada detalle sobre la causa del accidente y las partes responsables. Cuando usted trabaja con nosotros, nos encargamos de todo este proceso. Nuestros abogados pueden luchar por asegurar y preservar pruebas clave antes de que desaparezcan, as\u00ed como coordinarse con investigadores, expertos externos y testigos para establecer la responsabilidad.<\/p>\n<p>Las pruebas que podemos recopilar incluyen las siguientes:<\/p>\n<p>El informe oficial del accidente elaborado por la polic\u00eda y cualquier hallazgo complementario de las autoridades<\/p>\n<ul>\n<li>Datos de la caja negra o del dispositivo electr\u00f3nico de registro (ELD) que muestran la velocidad del veh\u00edculo, el frenado y las horas de conducci\u00f3n del operador<\/li>\n<li>El historial laboral y de conducci\u00f3n del conductor del cami\u00f3n, incluidas infracciones previas o acciones disciplinarias<\/li>\n<li>Registros de mantenimiento e inspecci\u00f3n del cami\u00f3n y del remolque<\/li>\n<li>Documentos de carga y registros de b\u00e1sculas o estaciones de pesaje<\/li>\n<li>Fotograf\u00edas y videos del lugar del accidente<\/li>\n<li>Videos de vigilancia o grabaciones de c\u00e1maras a bordo (dashcams) de terceros<\/li>\n<li>Declaraciones de testigos presenciales<\/li>\n<li>An\u00e1lisis periciales de reconstrucci\u00f3n del accidente<\/li>\n<li>Registros de tel\u00e9fonos celulares, datos de GPS y bit\u00e1coras de despacho<\/li>\n<li>Expedientes m\u00e9dicos y comprobantes de p\u00e9rdidas econ\u00f3micas<\/li>\n<\/ul>\n<p>La recopilaci\u00f3n de estas pruebas puede representar un desaf\u00edo. Las empresas de transporte tienen la capacidad de retrasar, extraviar o negar el acceso a registros clave, y los sistemas electr\u00f3nicos pueden sobrescribir datos cr\u00edticos a los pocos d\u00edas del accidente. The Patel Firm actuar\u00e1 de manera oportuna para emitir cartas de preservaci\u00f3n, obtener \u00f3rdenes judiciales cuando sea necesario y coordinarse con especialistas forenses para asegurar e interpretar la informaci\u00f3n necesaria para construir un reclamo s\u00f3lido.<\/p>\n<h2>\u00bfQu\u00e9 compensaci\u00f3n puedo recuperar en un reclamo por accidente de cami\u00f3n en Corpus Christi?<\/h2>\n<p>Una colisi\u00f3n con un cami\u00f3n de carga en la I-37 puede provocar lesiones graves y p\u00e9rdidas econ\u00f3micas significativas. Dependiendo de las circunstancias, usted podr\u00eda solicitar compensaci\u00f3n por lo siguiente:<\/p>\n<ul>\n<li>Gastos m\u00e9dicos, incluidos los costos de tratamiento futuro<\/li>\n<li>Ingresos perdidos, incluida la p\u00e9rdida de salarios futuros<\/li>\n<li>Dolor y sufrimiento f\u00edsico y emocional<\/li>\n<li>Disminuci\u00f3n de la calidad y el disfrute de la vida<\/li>\n<li>Da\u00f1os a la propiedad, como la reparaci\u00f3n o el reemplazo del veh\u00edculo<\/li>\n<\/ul>\n<p>La cantidad de compensaci\u00f3n a la que podr\u00eda tener derecho depende de la naturaleza y la gravedad de sus lesiones, as\u00ed como de sus perspectivas de recuperaci\u00f3n a largo plazo. Las lesiones m\u00e1s graves suelen generar mayores gastos y dar lugar a compensaciones m\u00e1s elevadas.<\/p>\n<p>Durante su consulta gratuita y sin compromiso con The Patel Firm, un abogado de accidentes de cami\u00f3n en Corpus Christi puede evaluar su situaci\u00f3n para determinar la compensaci\u00f3n a la que podr\u00eda calificar.<\/p>\n<h2>\u00bfPor qu\u00e9 los accidentes de camiones son m\u00e1s complicados que otros choques de veh\u00edculos motorizados?<\/h2>\n<p>Los accidentes de camiones se diferencian de los accidentes entre veh\u00edculos de pasajeros en varios aspectos importantes. Los camiones comerciales est\u00e1n regulados tanto por las <a href=\"https:\/\/www.txdmv.gov\/motor-carriers\/statutes-and-rules\"><u>leyes de Texas<\/u><\/a>\u00a0como por las <a href=\"https:\/\/www.fmcsa.dot.gov\/regulations\"><u>regulaciones federales<\/u><\/a>\u00a0establecidas por la Administraci\u00f3n Federal de Seguridad de Autotransportes (FMCSA, por sus siglas en ingl\u00e9s). Estas normas abarcan las horas de conducci\u00f3n, el peso de la carga, los est\u00e1ndares de mantenimiento y otros aspectos de la operaci\u00f3n del veh\u00edculo y la conducta del conductor. Una sola infracci\u00f3n puede contribuir a una colisi\u00f3n devastadora. Adem\u00e1s, los da\u00f1os significativos provocados por el impacto de un tr\u00e1iler de 18 ruedas suelen dar lugar a costos m\u00e9dicos m\u00e1s elevados y a reclamos de seguros m\u00e1s complejos.<\/p>\n<p>Dependiendo de los hechos espec\u00edficos del accidente, los accidentes que involucran camiones comerciales tambi\u00e9n pueden implicar a m\u00faltiples partes responsables, cada una de las cuales puede contar con su propia aseguradora y equipo legal trabajando para reducir su responsabilidad. Estos intereses superpuestos hacen que los casos de accidentes de cami\u00f3n sean mucho m\u00e1s complejos de resolver que otros accidentes de veh\u00edculos motorizados.<\/p>\n<h2>\u00bfQui\u00e9n podr\u00eda ser considerado responsable de un accidente de cami\u00f3n en Corpus Christi?<\/h2>\n<p>Diversas entidades pueden haber contribuido a un accidente de cami\u00f3n en Padre Island Drive u otra v\u00eda local. Cada parte involucrada en la operaci\u00f3n de transporte tiene la obligaci\u00f3n de cumplir con las normas de seguridad y actuar con el debido cuidado, y puede ser considerada responsable si no lo hace.<\/p>\n<p>Las partes potencialmente responsables pueden ser las siguientes:<\/p>\n<ul>\n<li><strong><b>El conductor del cami\u00f3n<\/b><\/strong>, si sus acciones o falta de atenci\u00f3n causaron el accidente<\/li>\n<li><strong><b>La empresa de transporte<\/b><\/strong>, si incurri\u00f3 en pr\u00e1cticas de contrataci\u00f3n inseguras o impuso plazos de entrega poco realistas<\/li>\n<li><strong><b>La empresa encargada de la carga<\/b><\/strong>, si no asegur\u00f3 o distribuy\u00f3 adecuadamente la mercanc\u00eda<\/li>\n<li><strong><b>El fabricante del cami\u00f3n o de sus componentes<\/b><\/strong>, si piezas defectuosas o fallas mec\u00e1nicas provocaron el accidente<\/li>\n<li><strong><b>Los proveedores de mantenimiento<\/b><\/strong>, si inspecciones o reparaciones negligentes contribuyeron al siniestro<\/li>\n<li><strong><b>Otros automovilistas<\/b><\/strong>, si sus acciones u omisiones influyeron en la colisi\u00f3n<\/li>\n<\/ul>\n<h2>\u00bfPuedo recuperar compensaci\u00f3n si tuve parte de la culpa en un accidente de cami\u00f3n?<\/h2>\n<p><a href=\"https:\/\/statutes.capitol.texas.gov\/Docs\/CP\/htm\/CP.33.htm\"><u>En Texas<\/u><\/a>, usted a\u00fan puede recuperar compensaci\u00f3n por una lesi\u00f3n causada por un accidente de cami\u00f3n incluso si tuvo parte de la responsabilidad, siempre que su grado de culpa sea inferior al 51%. El tribunal reducir\u00e1 cualquier indemnizaci\u00f3n de manera proporcional a su nivel de responsabilidad. Por ejemplo, si la compensaci\u00f3n otorgada es de $100,000 y se determina que usted es responsable en un 20%, el monto se reducir\u00e1 en ese mismo porcentaje, dej\u00e1ndole $80,000.<\/p>\n<p>Las aseguradoras suelen intentar exagerar el grado de responsabilidad de la v\u00edctima en el accidente. Por ello, contar con un abogado de accidentes de cami\u00f3n en Corpus Christi de su lado puede ayudar a garantizar una evaluaci\u00f3n justa y precisa de la culpa.<\/p>\n<h2>\u00bfCu\u00e1nto tiempo tengo para presentar una demanda por accidente de cami\u00f3n en Texas?<\/h2>\n<p>Por lo general, las v\u00edctimas de accidentes tienen dos a\u00f1os a partir de la fecha de la colisi\u00f3n para presentar una demanda por accidente de cami\u00f3n conforme a la <a href=\"https:\/\/statutes.capitol.texas.gov\/Docs\/CP\/htm\/CP.16.htm\"><u>ley de Texas<\/u><\/a>. Los tribunales aplican este plazo de manera estricta y es probable que desestimen su caso si no lo cumple, sin importar qu\u00e9 tan s\u00f3lido pueda ser. No obstante, algunos casos pueden tener plazos m\u00e1s cortos, especialmente si est\u00e1 involucrado un veh\u00edculo o una entidad gubernamental. Por ello, tambi\u00e9n es importante comunicarse con un abogado de accidentes de cami\u00f3n lo antes posible para preservar sus derechos e iniciar la investigaci\u00f3n de manera oportuna.<\/p>\n<h2>\u00bfCu\u00e1les son los tipos y causas m\u00e1s comunes de accidentes de cami\u00f3n en Corpus Christi?<\/h2>\n<p>Los accidentes de cami\u00f3n pueden ocurrir de distintas maneras, y el tipo de accidente puede influir de forma significativa en la gravedad del impacto y en la naturaleza y el alcance de las lesiones que sufren los ocupantes de los veh\u00edculos de pasajeros. Algunos de los tipos m\u00e1s comunes de colisiones con camiones incluyen los siguientes:<\/p>\n<ul>\n<li>Colisiones por alcance<\/li>\n<li>Accidentes tipo \u201cnavaja\u201d (jackknife)<\/li>\n<li>Volcaduras<\/li>\n<li>Accidentes por empotramiento o arrastre (underride), cuando un veh\u00edculo m\u00e1s peque\u00f1o se desliza debajo del remolque<\/li>\n<li>Colisiones frontales<\/li>\n<li>Accidentes en puntos ciegos o \u201cno-zone\u201d<\/li>\n<li>Reventones de llantas y accidentes por camiones fuera de control<\/li>\n<li>Accidentes por giros amplios o aplastamiento lateral<\/li>\n<li>Accidentes por p\u00e9rdida de carga o derrame de mercanc\u00eda<\/li>\n<li>Colisiones en \u201cT\u201d o en intersecciones<\/li>\n<\/ul>\n<p>Los accidentes de cami\u00f3n en Corpus Christi pueden tener m\u00faltiples causas. Muchas de estas colisiones son provocadas por errores del conductor, aunque los factores clim\u00e1ticos y las condiciones de la carretera tambi\u00e9n pueden influir. En algunos casos, los problemas del veh\u00edculo pueden causar o contribuir al accidente, como fallas en los frenos o en el sistema de direcci\u00f3n.<\/p>\n<h2>\u00bfCu\u00e1les son las lesiones t\u00edpicas que resultan de una colisi\u00f3n con un cami\u00f3n?<\/h2>\n<p>Debido a las fuerzas involucradas y al hecho de que muchas de estas colisiones ocurren a altas velocidades y, en ocasiones, involucran a otros veh\u00edculos, los accidentes de cami\u00f3n pueden causar lesiones graves, entre ellas las siguientes:<\/p>\n<ul>\n<li>Lesiones en la cabeza, incluidas las lesiones cerebrales traum\u00e1ticas<\/li>\n<li>Lesiones de la m\u00e9dula espinal<\/li>\n<li>Fracturas \u00f3seas<\/li>\n<li>Laceraciones graves<\/li>\n<li>Contusiones<\/li>\n<li>Quemaduras<\/li>\n<li>Lesiones de tejidos blandos<\/li>\n<li>Da\u00f1o psicol\u00f3gico, incluido el trastorno por estr\u00e9s postraum\u00e1tico (TEPT) y ansiedad<\/li>\n<\/ul>\n<h2>Contacte hoy mismo a un abogado de accidentes de cami\u00f3n en Corpus Christi<\/h2>\n<p>\u00bfResult\u00f3 lesionado en una colisi\u00f3n con un cami\u00f3n comercial o perdi\u00f3 a un ser querido en un accidente fatal de cami\u00f3n? De ser as\u00ed, usted necesita y merece el apoyo de un abogado de accidentes de cami\u00f3n en Corpus Christi con una trayectoria s\u00f3lida y los recursos necesarios para preparar un reclamo firme en su nombre. En The Patel Firm, nuestros abogados priorizan una representaci\u00f3n s\u00f3lida pero personalizada y fomentan relaciones cercanas con sus clientes; este enfoque genera resultados de manera constante.<\/p>\n<p>Estamos disponibles las 24 horas del d\u00eda, los 7 d\u00edas de la semana, para analizar su caso y responder con rapidez a llamadas, mensajes y correos electr\u00f3nicos. Comun\u00edquese de inmediato con nuestro despacho de abogados especializado en accidentes de cami\u00f3n para compartir su historia y conocer m\u00e1s sobre c\u00f3mo podemos ayudarle a buscar compensaci\u00f3n y justicia despu\u00e9s de un accidente de cami\u00f3n. Su consulta inicial es gratuita y totalmente confidencial, y nunca cobramos honorarios a menos que resolvamos su caso con \u00e9xito.<\/p>\n","protected":false},"excerpt":{"rendered":"<p>Los accidentes que involucran camiones comerciales de gran tama\u00f1o se encuentran entre las colisiones m\u00e1s peligrosas que ocurren en la US-181, la Crosstown Expressway y otras v\u00edas dentro y alrededor de Corpus Christi. Debido a diversos factores, tambi\u00e9n son de los m\u00e1s complejos. Si usted sufri\u00f3 lesiones en un accidente con un tr\u00e1iler de 18 [&hellip;]<\/p>\n","protected":false},"author":6,"featured_media":47797,"parent":0,"menu_order":13,"comment_status":"closed","ping_status":"closed","template":"","meta":{"_acf_changed":false,"footnotes":""},"class_list":["post-42933","page","type-page","status-publish","has-post-thumbnail","hentry"],"acf":[],"yoast_head":"<!-- This site is optimized with the Yoast SEO plugin v27.3 - https:\/\/yoast.com\/product\/yoast-seo-wordpress\/ -->\n<title>Abogado de accidentes de camiones en Corpus Christi<\/title>\n<meta name=\"description\" content=\"Reciba apoyo legal tras un accidente de cami\u00f3n en Corpus Christi. Obtenga asesor\u00eda gratuita y confidencial para buscar compensaci\u00f3n por sus lesiones personales.\" \/>\n<meta name=\"robots\" content=\"index, follow, max-snippet:-1, max-image-preview:large, max-video-preview:-1\" \/>\n<link rel=\"canonical\" href=\"https:\/\/thepatelfirm.com\/es\/accidentes-de-camiones\/\" \/>\n<meta property=\"og:locale\" content=\"es_ES\" \/>\n<meta property=\"og:type\" content=\"article\" \/>\n<meta property=\"og:title\" content=\"Abogado de accidentes de camiones en Corpus Christi\" \/>\n<meta property=\"og:description\" content=\"Reciba apoyo legal tras un accidente de cami\u00f3n en Corpus Christi. Obtenga asesor\u00eda gratuita y confidencial para buscar compensaci\u00f3n por sus lesiones personales.\" \/>\n<meta property=\"og:url\" content=\"https:\/\/thepatelfirm.com\/es\/accidentes-de-camiones\/\" \/>\n<meta property=\"og:site_name\" content=\"thepatelfirm.com Managed WordPress Site\" \/>\n<meta property=\"article:publisher\" content=\"https:\/\/www.facebook.com\/thepatelfirmpllc\/\" \/>\n<meta property=\"article:modified_time\" content=\"2026-02-23T11:15:14+00:00\" \/>\n<meta property=\"og:image\" content=\"https:\/\/thepatelfirm.com\/wp-content\/uploads\/2026\/02\/Truck-Accident-Attorney-in-Corpus-Christi-1.png\" \/>\n\t<meta property=\"og:image:width\" content=\"810\" \/>\n\t<meta property=\"og:image:height\" content=\"330\" \/>\n\t<meta property=\"og:image:type\" content=\"image\/png\" \/>\n<meta name=\"twitter:card\" content=\"summary_large_image\" \/>\n<meta name=\"twitter:site\" content=\"@ThePatelLawFirm\" \/>\n<meta name=\"twitter:label1\" content=\"Tiempo de lectura\" \/>\n\t<meta name=\"twitter:data1\" content=\"9 minutos\" \/>\n<!-- \/ Yoast SEO plugin. -->","yoast_head_json":{"title":"Abogado de accidentes de camiones en Corpus Christi","description":"Reciba apoyo legal tras un accidente de cami\u00f3n en Corpus Christi. Obtenga asesor\u00eda gratuita y confidencial para buscar compensaci\u00f3n por sus lesiones personales.","robots":{"index":"index","follow":"follow","max-snippet":"max-snippet:-1","max-image-preview":"max-image-preview:large","max-video-preview":"max-video-preview:-1"},"canonical":"https:\/\/thepatelfirm.com\/es\/accidentes-de-camiones\/","og_locale":"es_ES","og_type":"article","og_title":"Abogado de accidentes de camiones en Corpus Christi","og_description":"Reciba apoyo legal tras un accidente de cami\u00f3n en Corpus Christi. Obtenga asesor\u00eda gratuita y confidencial para buscar compensaci\u00f3n por sus lesiones personales.","og_url":"https:\/\/thepatelfirm.com\/es\/accidentes-de-camiones\/","og_site_name":"thepatelfirm.com Managed WordPress Site","article_publisher":"https:\/\/www.facebook.com\/thepatelfirmpllc\/","article_modified_time":"2026-02-23T11:15:14+00:00","og_image":[{"width":810,"height":330,"url":"https:\/\/thepatelfirm.com\/wp-content\/uploads\/2026\/02\/Truck-Accident-Attorney-in-Corpus-Christi-1.png","type":"image\/png"}],"twitter_card":"summary_large_image","twitter_site":"@ThePatelLawFirm","twitter_misc":{"Tiempo de lectura":"9 minutos"},"schema":{"@context":"https:\/\/schema.org","@graph":[{"@type":"WebPage","@id":"https:\/\/thepatelfirm.com\/es\/accidentes-de-camiones\/","url":"https:\/\/thepatelfirm.com\/es\/accidentes-de-camiones\/","name":"Abogado de accidentes de camiones en Corpus Christi","isPartOf":{"@id":"https:\/\/thepatelfirm.com\/es\/#website"},"primaryImageOfPage":{"@id":"https:\/\/thepatelfirm.com\/es\/accidentes-de-camiones\/#primaryimage"},"image":{"@id":"https:\/\/thepatelfirm.com\/es\/accidentes-de-camiones\/#primaryimage"},"thumbnailUrl":"https:\/\/thepatelfirm.com\/wp-content\/uploads\/2026\/02\/Truck-Accident-Attorney-in-Corpus-Christi-1.png","datePublished":"2026-02-06T07:36:50+00:00","dateModified":"2026-02-23T11:15:14+00:00","description":"Reciba apoyo legal tras un accidente de cami\u00f3n en Corpus Christi. Obtenga asesor\u00eda gratuita y confidencial para buscar compensaci\u00f3n por sus lesiones personales.","breadcrumb":{"@id":"https:\/\/thepatelfirm.com\/es\/accidentes-de-camiones\/#breadcrumb"},"inLanguage":"es","potentialAction":[{"@type":"ReadAction","target":["https:\/\/thepatelfirm.com\/es\/accidentes-de-camiones\/"]}]},{"@type":"ImageObject","inLanguage":"es","@id":"https:\/\/thepatelfirm.com\/es\/accidentes-de-camiones\/#primaryimage","url":"https:\/\/thepatelfirm.com\/wp-content\/uploads\/2026\/02\/Truck-Accident-Attorney-in-Corpus-Christi-1.png","contentUrl":"https:\/\/thepatelfirm.com\/wp-content\/uploads\/2026\/02\/Truck-Accident-Attorney-in-Corpus-Christi-1.png","width":810,"height":330},{"@type":"BreadcrumbList","@id":"https:\/\/thepatelfirm.com\/es\/accidentes-de-camiones\/#breadcrumb","itemListElement":[{"@type":"ListItem","position":1,"name":"","item":"https:\/\/thepatelfirm.com\/es\/"},{"@type":"ListItem","position":2,"name":"Abogado de accidentes de camiones en Corpus Christi"}]},{"@type":"WebSite","@id":"https:\/\/thepatelfirm.com\/es\/#website","url":"https:\/\/thepatelfirm.com\/es\/","name":"The Patel Firm","description":"","publisher":{"@id":"https:\/\/thepatelfirm.com\/es\/#organization"},"potentialAction":[{"@type":"SearchAction","target":{"@type":"EntryPoint","urlTemplate":"https:\/\/thepatelfirm.com\/es\/?s={search_term_string}"},"query-input":{"@type":"PropertyValueSpecification","valueRequired":true,"valueName":"search_term_string"}}],"inLanguage":"es"},{"@type":"Organization","@id":"https:\/\/thepatelfirm.com\/es\/#organization","name":"The Patel Firm","url":"https:\/\/thepatelfirm.com\/es\/","logo":{"@type":"ImageObject","inLanguage":"es","@id":"https:\/\/thepatelfirm.com\/es\/#\/schema\/logo\/image\/","url":"https:\/\/thepatelfirm.com\/wp-content\/uploads\/2026\/01\/logo-header.svg","contentUrl":"https:\/\/thepatelfirm.com\/wp-content\/uploads\/2026\/01\/logo-header.svg","width":1,"height":1,"caption":"The Patel Firm"},"image":{"@id":"https:\/\/thepatelfirm.com\/es\/#\/schema\/logo\/image\/"},"sameAs":["https:\/\/www.facebook.com\/thepatelfirmpllc\/","https:\/\/x.com\/ThePatelLawFirm","https:\/\/www.instagram.com\/thepatellawfirm\/","https:\/\/www.linkedin.com\/company\/the-patel-firm-pllc","https:\/\/www.youtube.com\/channel\/UCftZ8j9wF-HsOsFYtd8HDog"]}]}},"_links":{"self":[{"href":"https:\/\/thepatelfirm.com\/es\/wp-json\/wp\/v2\/pages\/42933","targetHints":{"allow":["GET"]}}],"collection":[{"href":"https:\/\/thepatelfirm.com\/es\/wp-json\/wp\/v2\/pages"}],"about":[{"href":"https:\/\/thepatelfirm.com\/es\/wp-json\/wp\/v2\/types\/page"}],"author":[{"embeddable":true,"href":"https:\/\/thepatelfirm.com\/es\/wp-json\/wp\/v2\/users\/6"}],"replies":[{"embeddable":true,"href":"https:\/\/thepatelfirm.com\/es\/wp-json\/wp\/v2\/comments?post=42933"}],"version-history":[{"count":0,"href":"https:\/\/thepatelfirm.com\/es\/wp-json\/wp\/v2\/pages\/42933\/revisions"}],"wp:featuredmedia":[{"embeddable":true,"href":"https:\/\/thepatelfirm.com\/es\/wp-json\/wp\/v2\/media\/47797"}],"wp:attachment":[{"href":"https:\/\/thepatelfirm.com\/es\/wp-json\/wp\/v2\/media?parent=42933"}],"curies":[{"name":"wp","href":"https:\/\/api.w.org\/{rel}","templated":true}]}}