{"id":42948,"date":"2026-02-06T07:37:54","date_gmt":"2026-02-06T07:37:54","guid":{"rendered":"https:\/\/thepatelfirm.com\/?page_id=42948"},"modified":"2026-02-23T11:15:19","modified_gmt":"2026-02-23T11:15:19","slug":"muerte-por-negligencia","status":"publish","type":"page","link":"https:\/\/thepatelfirm.com\/es\/muerte-por-negligencia\/","title":{"rendered":"Abogado de Muerte por Negligencia en Corpus Christi"},"content":{"rendered":"<p>Un accidente que le quita la vida a una persona puede ser un golpe devastador para su familia y seres queridos. Desde la p\u00e9rdida del amor y la compa\u00f1\u00eda de esa persona hasta la p\u00e9rdida de sus ingresos y de los servicios y cuidados que brindaba, los sobrevivientes enfrentan de inmediato una serie urgente de preocupaciones y preguntas sobre c\u00f3mo seguir adelante.<\/p>\n<p>Si su familia perdi\u00f3 recientemente a un ser querido debido a las acciones o negligencia de otra parte, es posible que se pregunte si existe algo que pueda hacer para exigir que se les responsabilice. La ley de Texas otorga a las familias el derecho a recuperar una compensaci\u00f3n por las p\u00e9rdidas derivadas de accidentes fatales mediante la presentaci\u00f3n de una demanda por muerte injusta contra la parte responsable. Un abogado de muerte injusta en Corpus Christi puede apoyar a su familia durante este momento tan dif\u00edcil, preparando y presentando una reclamaci\u00f3n en su nombre.<\/p>\n<p>Comun\u00edquese hoy mismo con The Patel Firm para comenzar con una evaluaci\u00f3n inicial gratuita y sin compromiso de su caso. Usted no paga nada para que iniciemos, y no hay honorarios a menos que ganemos su caso.<\/p>\n<p>\u00bfC\u00f3mo puede ayudarme un abogado de muerte injusta en Corpus Christi a m\u00ed y a mi familia?<\/p>\n<p>Perder inesperadamente a un ser querido deja a las familias no solo en duelo, sino tambi\u00e9n abrumadas por desaf\u00edos pr\u00e1cticos y financieros. Durante un momento tan doloroso, puede resultar imposible manejar asuntos legales y de seguros importantes. Un abogado de muerte injusta en Corpus Christi de The Patel Firm puede asumir estas cargas por usted y buscar justicia y recuperaci\u00f3n financiera en su nombre, para que su familia pueda concentrarse en sanar.<\/p>\n<p>El trabajo de su abogado ir\u00e1 mucho m\u00e1s all\u00e1 de presentar documentos; se encargar\u00e1 de cada aspecto de su reclamo con el objetivo de obtener la compensaci\u00f3n que su familia merece. Nuestros abogados pueden realizar las siguientes acciones para ayudar a su familia:<\/p>\n<ul>\n<li>Investigar la causa de la muerte de su ser querido mediante la recopilaci\u00f3n y revisi\u00f3n de pruebas relacionadas con el accidente.<\/li>\n<li>Identificar a todas las partes responsables, ya sean personas, empresas o entidades gubernamentales.<\/li>\n<li>Consultar con especialistas en reconstrucci\u00f3n de accidentes, profesionales m\u00e9dicos, economistas y otros expertos para construir un caso s\u00f3lido.<\/li>\n<li>Calcular el alcance total de las p\u00e9rdidas financieras y personales de su familia.<\/li>\n<li>Comunicarse y negociar con las aseguradoras para buscar un acuerdo justo.<\/li>\n<li>En ausencia de una oferta de acuerdo justa, presentar una demanda por muerte injusta y manejar todos los procedimientos y plazos judiciales.<\/li>\n<li>Representar a su familia en mediaci\u00f3n o en juicio, si es necesario, para buscar responsabilidad y una compensaci\u00f3n completa.<\/li>\n<\/ul>\n<h2>\u00bfQu\u00e9 compensaci\u00f3n puedo recuperar en un reclamo por muerte injusta?<\/h2>\n<p>Conforme a la <a href=\"https:\/\/statutes.capitol.texas.gov\/Docs\/CP\/htm\/CP.71.htm\"><u>ley de muerte injusta de Texas<\/u><\/a>, ciertos familiares cercanos pueden solicitar una compensaci\u00f3n cuando la muerte de su ser querido fue causada por el acto indebido, negligencia, descuido, falta de pericia o incumplimiento de otra persona. La parte responsable puede ser un individuo o una entidad para la cual dicha persona actuaba como agente, como un empleador o una agencia gubernamental.<\/p>\n<p>Su familia puede reclamar una compensaci\u00f3n por p\u00e9rdidas como las siguientes:<\/p>\n<ul>\n<li>Las contribuciones financieras futuras esperadas de la persona fallecida.<\/li>\n<li>El valor de los servicios dom\u00e9sticos que la persona fallecida realizaba.<\/li>\n<li>Los gastos funerarios derivados del fallecimiento.<\/li>\n<li>La p\u00e9rdida de la compa\u00f1\u00eda, el cuidado y el consorcio del fallecido.<\/li>\n<\/ul>\n<p>Muchas familias presentan demandas de supervivencia adem\u00e1s del reclamo por muerte injusta. Una demanda de supervivencia busca compensaci\u00f3n por las p\u00e9rdidas que la persona fallecida habr\u00eda podido reclamar mediante una demanda por lesiones personales si hubiera vivido. Estas p\u00e9rdidas incluyen gastos m\u00e9dicos, ingresos perdidos y dolor y sufrimiento f\u00edsico y emocional. Presentar ambos tipos de reclamos puede ser una estrategia eficaz para maximizar la recuperaci\u00f3n financiera de su familia.<\/p>\n<h2>\u00bfC\u00f3mo se pagan los acuerdos por muerte injusta?<\/h2>\n<p>Cuando un caso de muerte injusta resulta en un acuerdo o veredicto, la distribuci\u00f3n de los fondos depende de los t\u00e9rminos del acuerdo y de las relaciones entre los familiares sobrevivientes. Conforme a la ley de Texas, los da\u00f1os por muerte injusta se pagan directamente a los beneficiarios establecidos por la ley. Por lo general, estos incluyen al c\u00f3nyuge sobreviviente, los hijos y los padres del fallecido, quienes reciben la compensaci\u00f3n en proporciones determinadas ya sea por acuerdo entre ellos o por el tribunal, si no logran llegar a un acuerdo por su cuenta.<\/p>\n<p>Las familias que presentan este tipo de reclamo pueden preguntarse razonablemente: \u201c\u00bfc\u00f3mo se pagan los acuerdos por muerte injusta?\u201d. En general, los beneficiarios en Texas reciben los pagos del acuerdo ya sea en una suma global \u00fanica o mediante pagos estructurados a lo largo del tiempo. Un pago \u00fanico proporciona acceso inmediato al monto total, mientras que un acuerdo estructurado ofrece apoyo financiero continuo. Cuando los hijos menores de edad son beneficiarios de un reclamo por muerte injusta, el tribunal suele supervisar o restringir el pago de los fondos para proteger las necesidades futuras y el inter\u00e9s superior del menor.<\/p>\n<h2>\u00bfQu\u00e9 debo probar en un caso de muerte injusta?<\/h2>\n<p>Al buscar una compensaci\u00f3n mediante una demanda por muerte injusta, su familia debe demostrar que las acciones u omisiones de otra parte causaron directamente la muerte de su ser querido. El proceso implica probar varios elementos legales que vinculan la conducta del demandado con el resultado fatal, incluidos los siguientes:<\/p>\n<ul>\n<li>Deber de cuidado: el demandado ten\u00eda la obligaci\u00f3n legal de actuar de manera responsable y evitar causar da\u00f1o.<\/li>\n<li>Incumplimiento del deber: el demandado no cumpli\u00f3 con esa obligaci\u00f3n debido a su negligencia, imprudencia, falta de pericia o conducta intencional indebida.<\/li>\n<li>Causalidad: el incumplimiento del deber por parte del demandado caus\u00f3 directamente la muerte de su ser querido.<\/li>\n<li>Da\u00f1os: su familia sufri\u00f3 p\u00e9rdidas financieras y emocionales cuantificables como resultado del fallecimiento.<\/li>\n<\/ul>\n<p>Cuando usted trabaja con The Patel Firm, un abogado con experiencia en muerte injusta en Corpus Christi puede recopilar y presentar las pruebas necesarias para respaldar cada uno de estos elementos. Estas pruebas incluyen declaraciones de testigos, opiniones de expertos, informes oficiales, registros m\u00e9dicos y el testimonio de su familia.<\/p>\n<h2>\u00bfQui\u00e9n puede presentar una demanda por muerte injusta en Texas?<\/h2>\n<p>Conforme a la <a href=\"#:~:text=Sec. 71.004. BENEFITTING FROM AND BRINGING ACTION\"><u>ley de Texas<\/u><\/a>, el c\u00f3nyuge sobreviviente, los hijos y los padres de la persona fallecida tienen legitimaci\u00f3n legal para presentar la demanda de manera individual o conjunta. Si varios familiares elegibles presentan reclamaciones, los casos se combinan en una sola demanda para evitar resultados contradictorios y garantizar una distribuci\u00f3n justa de cualquier compensaci\u00f3n entre ellos.<\/p>\n<p>Si ning\u00fan familiar elegible presenta un reclamo dentro de los tres meses posteriores al fallecimiento, el albacea o representante personal del patrimonio del fallecido puede hacerlo. Sin embargo, la familia tiene el derecho de solicitar que el representante personal no presente el reclamo si todos los familiares elegibles acuerdan no proceder.<\/p>\n<p>El enfoque de Texas difiere del de muchos otros estados, donde solo el representante personal del patrimonio puede presentar la demanda. Esto brinda a las familias mayor flexibilidad y control para buscar justicia, en lugar de limitar sus derechos \u00fanicamente al patrimonio.<\/p>\n<h2>\u00bfCu\u00e1nto tiempo tengo para presentar una demanda por muerte injusta en Texas?<\/h2>\n<p>El <a href=\"#:~:text=Sec. 16.003. TWO-YEAR LIMITATIONS PERIOD\"><u>estatuto de limitaciones para una demanda por muerte injusta en Texas<\/u><\/a>\u00a0otorga a los familiares elegibles y a los albaceas dos a\u00f1os a partir de la fecha del fallecimiento para presentar la demanda contra la parte responsable. No presentar la demanda dentro de este plazo generalmente significa perder el derecho a recuperar una compensaci\u00f3n, por lo que es importante reunirse con un abogado y comenzar a construir su caso lo antes posible.<\/p>\n<p>En casos poco frecuentes, la familia puede tener derecho a una extensi\u00f3n del plazo, pero estos deben considerarse excepciones y no la regla. Un abogado de muerte injusta en Texas con conocimiento del tema, de The Patel Firm, puede revisar su caso y determinar si aplica alguna excepci\u00f3n.<\/p>\n<h2>\u00bfCu\u00e1les son los casos m\u00e1s comunes de muerte injusta?<\/h2>\n<p>Los reclamos por muerte injusta pueden surgir de casi cualquier situaci\u00f3n en la que las acciones descuidadas o intencionales de una persona causen la muerte de otra. Estos son casos civiles, aunque algunas situaciones pueden involucrar procesos penales que se desarrollan de manera paralela a la reclamaci\u00f3n por muerte injusta. Si bien los tipos de situaciones que pueden dar lugar a estas reclamaciones var\u00edan considerablemente, todas tienen en com\u00fan que requieren una investigaci\u00f3n cuidadosa y exhaustiva para determinar qui\u00e9n fue responsable y c\u00f3mo su conducta provoc\u00f3 el evento fatal.<\/p>\n<p>Algunos de los tipos de accidentes m\u00e1s comunes en Corpus Christi que pueden resultar en una muerte injusta incluyen los siguientes:<\/p>\n<ul>\n<li>Accidentes de veh\u00edculos motorizados: los choques fatales que involucran autos, camiones, motocicletas, bicicletas y peatones se encuentran entre las causas m\u00e1s comunes de muerte injusta. Los conductores, las empresas de transporte o los fabricantes de veh\u00edculos pueden ser responsables cuando el exceso de velocidad, la conducci\u00f3n distra\u00edda o bajo los efectos del alcohol, o problemas del veh\u00edculo como defectos mec\u00e1nicos provocan un accidente fatal.<\/li>\n<li>Accidentes de camiones comerciales: debido a su tama\u00f1o y peso, los veh\u00edculos comerciales grandes pueden causar lesiones catastr\u00f3ficas. Las empresas de transporte pueden compartir la responsabilidad en un reclamo por muerte injusta si contratan conductores no calificados, no dan mantenimiento adecuado a los veh\u00edculos o violan las regulaciones federales de seguridad.<\/li>\n<li>Accidentes laborales: las lesiones laborales fatales pueden ocurrir en diversos entornos, incluidos la construcci\u00f3n, el sector petrolero y de gas, la industria y la manufactura. Los empleadores, contratistas o fabricantes de equipos pueden ser responsables cuando condiciones inseguras provocan un accidente.<\/li>\n<li>Negligencia m\u00e9dica: los profesionales de la salud y las instituciones que los emplean pueden ser considerados responsables cuando un tratamiento m\u00e9dico negligente o errores de diagn\u00f3stico resultan en la muerte. Estos casos suelen requerir testimonio de expertos m\u00e9dicos para demostrar que no se cumpli\u00f3 con el est\u00e1ndar de atenci\u00f3n esperado.<\/li>\n<li>Productos defectuosos: las partes involucradas en el dise\u00f1o, fabricaci\u00f3n, distribuci\u00f3n, comercializaci\u00f3n o venta de productos defectuosos pueden ser responsables cuando dichos productos causan lesiones fatales. Componentes de veh\u00edculos, dispositivos m\u00e9dicos, medicamentos y una amplia gama de productos de consumo pueden provocar accidentes mortales.<\/li>\n<li>Accidentes por responsabilidad del propietario: los propietarios que no mantienen condiciones seguras pueden enfrentar responsabilidad por accidentes fatales como ca\u00eddas, incendios, envenenamientos, ataques de animales o ahogamientos. Estos casos suelen depender de si el propietario sab\u00eda o deb\u00eda haber sabido sobre el peligro y si tom\u00f3 medidas para corregirlo.<\/li>\n<\/ul>\n<h2>Comun\u00edquese hoy mismo con un abogado de muerte injusta en Corpus Christi<\/h2>\n<p>Si su ser querido falleci\u00f3 en un accidente causado por otra parte, acuda a un abogado con experiencia en muerte injusta en Corpus Christi para recibir el apoyo legal que su familia merece. En The Patel Firm, contamos con un s\u00f3lido historial en la b\u00fasqueda y recuperaci\u00f3n de compensaci\u00f3n para familias que han sufrido la p\u00e9rdida de seres queridos en accidentes prevenibles.<\/p>\n<p>Adem\u00e1s, nuestra pr\u00e1ctica legal est\u00e1 comprometida con ser compasiva, comprensiva y atenta. Nunca lo trataremos como un n\u00famero de caso; siempre puede contar con una representaci\u00f3n legal personalizada y una comunicaci\u00f3n constante con su abogado.<\/p>\n<p>Comun\u00edquese con nuestro despacho de abogados de muerte injusta en Texas para una consulta gratuita y conozca m\u00e1s sobre sus opciones legales. Usted no paga nada a menos que resolvamos su caso con \u00e9xito.<\/p>\n","protected":false},"excerpt":{"rendered":"<p>Un accidente que le quita la vida a una persona puede ser un golpe devastador para su familia y seres queridos. Desde la p\u00e9rdida del amor y la compa\u00f1\u00eda de esa persona hasta la p\u00e9rdida de sus ingresos y de los servicios y cuidados que brindaba, los sobrevivientes enfrentan de inmediato una serie urgente de [&hellip;]<\/p>\n","protected":false},"author":6,"featured_media":47754,"parent":0,"menu_order":14,"comment_status":"closed","ping_status":"closed","template":"","meta":{"_acf_changed":false,"footnotes":""},"class_list":["post-42948","page","type-page","status-publish","has-post-thumbnail","hentry"],"acf":[],"yoast_head":"<!-- This site is optimized with the Yoast SEO plugin v27.3 - https:\/\/yoast.com\/product\/yoast-seo-wordpress\/ -->\n<title>Abogado de Muerte por Negligencia en Corpus Christi<\/title>\n<meta name=\"description\" content=\"Si perdi\u00f3 a un ser querido por la negligencia de otra parte, conozca sus opciones legales y c\u00f3mo reclamar una compensaci\u00f3n en Texas.\" \/>\n<meta name=\"robots\" content=\"index, follow, max-snippet:-1, max-image-preview:large, max-video-preview:-1\" \/>\n<link rel=\"canonical\" href=\"https:\/\/thepatelfirm.com\/es\/muerte-por-negligencia\/\" \/>\n<meta property=\"og:locale\" content=\"es_ES\" \/>\n<meta property=\"og:type\" content=\"article\" \/>\n<meta property=\"og:title\" content=\"Abogado de Muerte por Negligencia en Corpus Christi\" \/>\n<meta property=\"og:description\" content=\"Si perdi\u00f3 a un ser querido por la negligencia de otra parte, conozca sus opciones legales y c\u00f3mo reclamar una compensaci\u00f3n en Texas.\" \/>\n<meta property=\"og:url\" content=\"https:\/\/thepatelfirm.com\/es\/muerte-por-negligencia\/\" \/>\n<meta property=\"og:site_name\" content=\"thepatelfirm.com Managed WordPress Site\" \/>\n<meta property=\"article:publisher\" content=\"https:\/\/www.facebook.com\/thepatelfirmpllc\/\" \/>\n<meta property=\"article:modified_time\" content=\"2026-02-23T11:15:19+00:00\" \/>\n<meta property=\"og:image\" content=\"https:\/\/thepatelfirm.com\/wp-content\/uploads\/2026\/02\/Wrongful-Death-Lawyer.png\" \/>\n\t<meta property=\"og:image:width\" content=\"810\" \/>\n\t<meta property=\"og:image:height\" content=\"330\" \/>\n\t<meta property=\"og:image:type\" content=\"image\/png\" \/>\n<meta name=\"twitter:card\" content=\"summary_large_image\" \/>\n<meta name=\"twitter:site\" content=\"@ThePatelLawFirm\" \/>\n<meta name=\"twitter:label1\" content=\"Tiempo de lectura\" \/>\n\t<meta name=\"twitter:data1\" content=\"9 minutos\" \/>\n<!-- \/ Yoast SEO plugin. -->","yoast_head_json":{"title":"Abogado de Muerte por Negligencia en Corpus Christi","description":"Si perdi\u00f3 a un ser querido por la negligencia de otra parte, conozca sus opciones legales y c\u00f3mo reclamar una compensaci\u00f3n en Texas.","robots":{"index":"index","follow":"follow","max-snippet":"max-snippet:-1","max-image-preview":"max-image-preview:large","max-video-preview":"max-video-preview:-1"},"canonical":"https:\/\/thepatelfirm.com\/es\/muerte-por-negligencia\/","og_locale":"es_ES","og_type":"article","og_title":"Abogado de Muerte por Negligencia en Corpus Christi","og_description":"Si perdi\u00f3 a un ser querido por la negligencia de otra parte, conozca sus opciones legales y c\u00f3mo reclamar una compensaci\u00f3n en Texas.","og_url":"https:\/\/thepatelfirm.com\/es\/muerte-por-negligencia\/","og_site_name":"thepatelfirm.com Managed WordPress Site","article_publisher":"https:\/\/www.facebook.com\/thepatelfirmpllc\/","article_modified_time":"2026-02-23T11:15:19+00:00","og_image":[{"width":810,"height":330,"url":"https:\/\/thepatelfirm.com\/wp-content\/uploads\/2026\/02\/Wrongful-Death-Lawyer.png","type":"image\/png"}],"twitter_card":"summary_large_image","twitter_site":"@ThePatelLawFirm","twitter_misc":{"Tiempo de lectura":"9 minutos"},"schema":{"@context":"https:\/\/schema.org","@graph":[{"@type":"WebPage","@id":"https:\/\/thepatelfirm.com\/es\/muerte-por-negligencia\/","url":"https:\/\/thepatelfirm.com\/es\/muerte-por-negligencia\/","name":"Abogado de Muerte por Negligencia en Corpus Christi","isPartOf":{"@id":"https:\/\/thepatelfirm.com\/es\/#website"},"primaryImageOfPage":{"@id":"https:\/\/thepatelfirm.com\/es\/muerte-por-negligencia\/#primaryimage"},"image":{"@id":"https:\/\/thepatelfirm.com\/es\/muerte-por-negligencia\/#primaryimage"},"thumbnailUrl":"https:\/\/thepatelfirm.com\/wp-content\/uploads\/2026\/02\/Wrongful-Death-Lawyer.png","datePublished":"2026-02-06T07:37:54+00:00","dateModified":"2026-02-23T11:15:19+00:00","description":"Si perdi\u00f3 a un ser querido por la negligencia de otra parte, conozca sus opciones legales y c\u00f3mo reclamar una compensaci\u00f3n en Texas.","breadcrumb":{"@id":"https:\/\/thepatelfirm.com\/es\/muerte-por-negligencia\/#breadcrumb"},"inLanguage":"es","potentialAction":[{"@type":"ReadAction","target":["https:\/\/thepatelfirm.com\/es\/muerte-por-negligencia\/"]}]},{"@type":"ImageObject","inLanguage":"es","@id":"https:\/\/thepatelfirm.com\/es\/muerte-por-negligencia\/#primaryimage","url":"https:\/\/thepatelfirm.com\/wp-content\/uploads\/2026\/02\/Wrongful-Death-Lawyer.png","contentUrl":"https:\/\/thepatelfirm.com\/wp-content\/uploads\/2026\/02\/Wrongful-Death-Lawyer.png","width":810,"height":330},{"@type":"BreadcrumbList","@id":"https:\/\/thepatelfirm.com\/es\/muerte-por-negligencia\/#breadcrumb","itemListElement":[{"@type":"ListItem","position":1,"name":"","item":"https:\/\/thepatelfirm.com\/es\/"},{"@type":"ListItem","position":2,"name":"Abogado de Muerte por Negligencia en Corpus Christi"}]},{"@type":"WebSite","@id":"https:\/\/thepatelfirm.com\/es\/#website","url":"https:\/\/thepatelfirm.com\/es\/","name":"The Patel Firm","description":"","publisher":{"@id":"https:\/\/thepatelfirm.com\/es\/#organization"},"potentialAction":[{"@type":"SearchAction","target":{"@type":"EntryPoint","urlTemplate":"https:\/\/thepatelfirm.com\/es\/?s={search_term_string}"},"query-input":{"@type":"PropertyValueSpecification","valueRequired":true,"valueName":"search_term_string"}}],"inLanguage":"es"},{"@type":"Organization","@id":"https:\/\/thepatelfirm.com\/es\/#organization","name":"The Patel Firm","url":"https:\/\/thepatelfirm.com\/es\/","logo":{"@type":"ImageObject","inLanguage":"es","@id":"https:\/\/thepatelfirm.com\/es\/#\/schema\/logo\/image\/","url":"https:\/\/thepatelfirm.com\/wp-content\/uploads\/2026\/01\/logo-header.svg","contentUrl":"https:\/\/thepatelfirm.com\/wp-content\/uploads\/2026\/01\/logo-header.svg","width":1,"height":1,"caption":"The Patel Firm"},"image":{"@id":"https:\/\/thepatelfirm.com\/es\/#\/schema\/logo\/image\/"},"sameAs":["https:\/\/www.facebook.com\/thepatelfirmpllc\/","https:\/\/x.com\/ThePatelLawFirm","https:\/\/www.instagram.com\/thepatellawfirm\/","https:\/\/www.linkedin.com\/company\/the-patel-firm-pllc","https:\/\/www.youtube.com\/channel\/UCftZ8j9wF-HsOsFYtd8HDog"]}]}},"_links":{"self":[{"href":"https:\/\/thepatelfirm.com\/es\/wp-json\/wp\/v2\/pages\/42948","targetHints":{"allow":["GET"]}}],"collection":[{"href":"https:\/\/thepatelfirm.com\/es\/wp-json\/wp\/v2\/pages"}],"about":[{"href":"https:\/\/thepatelfirm.com\/es\/wp-json\/wp\/v2\/types\/page"}],"author":[{"embeddable":true,"href":"https:\/\/thepatelfirm.com\/es\/wp-json\/wp\/v2\/users\/6"}],"replies":[{"embeddable":true,"href":"https:\/\/thepatelfirm.com\/es\/wp-json\/wp\/v2\/comments?post=42948"}],"version-history":[{"count":0,"href":"https:\/\/thepatelfirm.com\/es\/wp-json\/wp\/v2\/pages\/42948\/revisions"}],"wp:featuredmedia":[{"embeddable":true,"href":"https:\/\/thepatelfirm.com\/es\/wp-json\/wp\/v2\/media\/47754"}],"wp:attachment":[{"href":"https:\/\/thepatelfirm.com\/es\/wp-json\/wp\/v2\/media?parent=42948"}],"curies":[{"name":"wp","href":"https:\/\/api.w.org\/{rel}","templated":true}]}}