{"id":42962,"date":"2022-12-28T17:00:30","date_gmt":"2022-12-28T17:00:30","guid":{"rendered":"https:\/\/thepatelfirm.com\/?page_id=42962"},"modified":"2026-02-16T17:29:09","modified_gmt":"2026-02-16T17:29:09","slug":"houston","status":"publish","type":"page","link":"https:\/\/thepatelfirm.com\/es\/houston\/","title":{"rendered":"Abogado de lesiones personales en Houston"},"content":{"rendered":"<p>Cuando otra persona le causa un da\u00f1o en Texas, usted necesita un abogado de lesiones personales en Houston que haga todo lo necesario para ayudarle a obtener una compensaci\u00f3n justa. Esto incluye obtener compensaci\u00f3n por sus facturas m\u00e9dicas, salarios perdidos y otros efectos adversos que su lesi\u00f3n tenga en su vida.<\/p>\n<p>En The Patel Firm, contamos con amplia experiencia en el manejo de una gran variedad de casos de lesiones personales, incluidos aquellos que involucran accidentes automovil\u00edsticos y de camiones, incidentes de resbalones y ca\u00eddas, mordeduras de perro y productos defectuosos. Nuestros abogados pueden encargarse de presentar su reclamo por lesiones, recopilar pruebas cruciales y luchar por la compensaci\u00f3n que merece, mientras se concentra en su recuperaci\u00f3n. Brindamos una representaci\u00f3n s\u00f3lida y personalizada a las v\u00edctimas de accidentes y a sus familias; nunca ser\u00e1 tratado como \u201csolo un n\u00famero de caso\u201d.<\/p>\n<p>Comun\u00edquese hoy mismo con The Patel Firm para programar su consulta gratuita y sin compromiso con un abogado de lesiones personales altamente calificado en Houston. Usted no pagar\u00e1 nada de su bolsillo para que comencemos a trabajar en su caso de accidente, y no hay honorarios a menos que resolvamos su asunto con \u00e9xito.<\/p>\n","protected":false},"excerpt":{"rendered":"<p>Cuando otra persona le causa un da\u00f1o en Texas, usted necesita un abogado de lesiones personales en Houston que haga todo lo necesario para ayudarle a obtener una compensaci\u00f3n justa. Esto incluye obtener compensaci\u00f3n por sus facturas m\u00e9dicas, salarios perdidos y otros efectos adversos que su lesi\u00f3n tenga en su vida. En The Patel Firm, [&hellip;]<\/p>\n","protected":false},"author":6,"featured_media":44221,"parent":0,"menu_order":272,"comment_status":"closed","ping_status":"closed","template":"location.php","meta":{"_acf_changed":false,"footnotes":""},"class_list":["post-42962","page","type-page","status-publish","has-post-thumbnail","hentry"],"acf":[],"yoast_head":"<!-- This site is optimized with the Yoast SEO plugin v27.3 - https:\/\/yoast.com\/product\/yoast-seo-wordpress\/ -->\n<title>Abogado de lesiones personales en Houston<\/title>\n<meta name=\"description\" content=\"Si sufri\u00f3 una lesi\u00f3n personal por culpa de otra persona, tiene derecho a obtener una compensaci\u00f3n justa. Obt\u00e9ngala con ayuda de los abogados de The Patel Firm.\" \/>\n<meta name=\"robots\" content=\"index, follow, max-snippet:-1, max-image-preview:large, max-video-preview:-1\" \/>\n<link rel=\"canonical\" href=\"https:\/\/thepatelfirm.com\/es\/houston\/\" \/>\n<meta property=\"og:locale\" content=\"es_ES\" \/>\n<meta property=\"og:type\" content=\"article\" \/>\n<meta property=\"og:title\" content=\"Abogado de lesiones personales en Houston\" \/>\n<meta property=\"og:description\" content=\"Si sufri\u00f3 una lesi\u00f3n personal por culpa de otra persona, tiene derecho a obtener una compensaci\u00f3n justa. Obt\u00e9ngala con ayuda de los abogados de The Patel Firm.\" \/>\n<meta property=\"og:url\" content=\"https:\/\/thepatelfirm.com\/es\/houston\/\" \/>\n<meta property=\"og:site_name\" content=\"thepatelfirm.com Managed WordPress Site\" \/>\n<meta property=\"article:publisher\" content=\"https:\/\/www.facebook.com\/thepatelfirmpllc\/\" \/>\n<meta property=\"article:modified_time\" content=\"2026-02-16T17:29:09+00:00\" \/>\n<meta property=\"og:image\" content=\"https:\/\/thepatelfirm.com\/wp-content\/uploads\/2026\/02\/houston-es.png\" \/>\n\t<meta property=\"og:image:width\" content=\"810\" \/>\n\t<meta property=\"og:image:height\" content=\"330\" \/>\n\t<meta property=\"og:image:type\" content=\"image\/png\" \/>\n<meta name=\"twitter:card\" content=\"summary_large_image\" \/>\n<meta name=\"twitter:site\" content=\"@ThePatelLawFirm\" \/>\n<meta name=\"twitter:label1\" content=\"Tiempo de lectura\" \/>\n\t<meta name=\"twitter:data1\" content=\"2 minutos\" \/>\n<!-- \/ Yoast SEO plugin. -->","yoast_head_json":{"title":"Abogado de lesiones personales en Houston","description":"Si sufri\u00f3 una lesi\u00f3n personal por culpa de otra persona, tiene derecho a obtener una compensaci\u00f3n justa. Obt\u00e9ngala con ayuda de los abogados de The Patel Firm.","robots":{"index":"index","follow":"follow","max-snippet":"max-snippet:-1","max-image-preview":"max-image-preview:large","max-video-preview":"max-video-preview:-1"},"canonical":"https:\/\/thepatelfirm.com\/es\/houston\/","og_locale":"es_ES","og_type":"article","og_title":"Abogado de lesiones personales en Houston","og_description":"Si sufri\u00f3 una lesi\u00f3n personal por culpa de otra persona, tiene derecho a obtener una compensaci\u00f3n justa. Obt\u00e9ngala con ayuda de los abogados de The Patel Firm.","og_url":"https:\/\/thepatelfirm.com\/es\/houston\/","og_site_name":"thepatelfirm.com Managed WordPress Site","article_publisher":"https:\/\/www.facebook.com\/thepatelfirmpllc\/","article_modified_time":"2026-02-16T17:29:09+00:00","og_image":[{"width":810,"height":330,"url":"https:\/\/thepatelfirm.com\/wp-content\/uploads\/2026\/02\/houston-es.png","type":"image\/png"}],"twitter_card":"summary_large_image","twitter_site":"@ThePatelLawFirm","twitter_misc":{"Tiempo de lectura":"2 minutos"},"schema":{"@context":"https:\/\/schema.org","@graph":[{"@type":"WebPage","@id":"https:\/\/thepatelfirm.com\/es\/houston\/","url":"https:\/\/thepatelfirm.com\/es\/houston\/","name":"Abogado de lesiones personales en Houston","isPartOf":{"@id":"https:\/\/thepatelfirm.com\/es\/#website"},"primaryImageOfPage":{"@id":"https:\/\/thepatelfirm.com\/es\/houston\/#primaryimage"},"image":{"@id":"https:\/\/thepatelfirm.com\/es\/houston\/#primaryimage"},"thumbnailUrl":"https:\/\/thepatelfirm.com\/wp-content\/uploads\/2026\/02\/houston-es.png","datePublished":"2022-12-28T17:00:30+00:00","dateModified":"2026-02-16T17:29:09+00:00","description":"Si sufri\u00f3 una lesi\u00f3n personal por culpa de otra persona, tiene derecho a obtener una compensaci\u00f3n justa. Obt\u00e9ngala con ayuda de los abogados de The Patel Firm.","breadcrumb":{"@id":"https:\/\/thepatelfirm.com\/es\/houston\/#breadcrumb"},"inLanguage":"es","potentialAction":[{"@type":"ReadAction","target":["https:\/\/thepatelfirm.com\/es\/houston\/"]}]},{"@type":"ImageObject","inLanguage":"es","@id":"https:\/\/thepatelfirm.com\/es\/houston\/#primaryimage","url":"https:\/\/thepatelfirm.com\/wp-content\/uploads\/2026\/02\/houston-es.png","contentUrl":"https:\/\/thepatelfirm.com\/wp-content\/uploads\/2026\/02\/houston-es.png","width":810,"height":330},{"@type":"BreadcrumbList","@id":"https:\/\/thepatelfirm.com\/es\/houston\/#breadcrumb","itemListElement":[{"@type":"ListItem","position":1,"name":"","item":"https:\/\/thepatelfirm.com\/es\/"},{"@type":"ListItem","position":2,"name":"Abogado de lesiones personales en Houston"}]},{"@type":"WebSite","@id":"https:\/\/thepatelfirm.com\/es\/#website","url":"https:\/\/thepatelfirm.com\/es\/","name":"The Patel Firm","description":"","publisher":{"@id":"https:\/\/thepatelfirm.com\/es\/#organization"},"potentialAction":[{"@type":"SearchAction","target":{"@type":"EntryPoint","urlTemplate":"https:\/\/thepatelfirm.com\/es\/?s={search_term_string}"},"query-input":{"@type":"PropertyValueSpecification","valueRequired":true,"valueName":"search_term_string"}}],"inLanguage":"es"},{"@type":"Organization","@id":"https:\/\/thepatelfirm.com\/es\/#organization","name":"The Patel Firm","url":"https:\/\/thepatelfirm.com\/es\/","logo":{"@type":"ImageObject","inLanguage":"es","@id":"https:\/\/thepatelfirm.com\/es\/#\/schema\/logo\/image\/","url":"https:\/\/thepatelfirm.com\/wp-content\/uploads\/2026\/01\/logo-header.svg","contentUrl":"https:\/\/thepatelfirm.com\/wp-content\/uploads\/2026\/01\/logo-header.svg","width":1,"height":1,"caption":"The Patel Firm"},"image":{"@id":"https:\/\/thepatelfirm.com\/es\/#\/schema\/logo\/image\/"},"sameAs":["https:\/\/www.facebook.com\/thepatelfirmpllc\/","https:\/\/x.com\/ThePatelLawFirm","https:\/\/www.instagram.com\/thepatellawfirm\/","https:\/\/www.linkedin.com\/company\/the-patel-firm-pllc","https:\/\/www.youtube.com\/channel\/UCftZ8j9wF-HsOsFYtd8HDog"]}]}},"_links":{"self":[{"href":"https:\/\/thepatelfirm.com\/es\/wp-json\/wp\/v2\/pages\/42962","targetHints":{"allow":["GET"]}}],"collection":[{"href":"https:\/\/thepatelfirm.com\/es\/wp-json\/wp\/v2\/pages"}],"about":[{"href":"https:\/\/thepatelfirm.com\/es\/wp-json\/wp\/v2\/types\/page"}],"author":[{"embeddable":true,"href":"https:\/\/thepatelfirm.com\/es\/wp-json\/wp\/v2\/users\/6"}],"replies":[{"embeddable":true,"href":"https:\/\/thepatelfirm.com\/es\/wp-json\/wp\/v2\/comments?post=42962"}],"version-history":[{"count":0,"href":"https:\/\/thepatelfirm.com\/es\/wp-json\/wp\/v2\/pages\/42962\/revisions"}],"wp:featuredmedia":[{"embeddable":true,"href":"https:\/\/thepatelfirm.com\/es\/wp-json\/wp\/v2\/media\/44221"}],"wp:attachment":[{"href":"https:\/\/thepatelfirm.com\/es\/wp-json\/wp\/v2\/media?parent=42962"}],"curies":[{"name":"wp","href":"https:\/\/api.w.org\/{rel}","templated":true}]}}