{"id":42978,"date":"2026-02-06T07:39:38","date_gmt":"2026-02-06T07:39:38","guid":{"rendered":"https:\/\/thepatelfirm.com\/?page_id=42978"},"modified":"2026-02-16T17:30:17","modified_gmt":"2026-02-16T17:30:17","slug":"accidentes-de-automovillisticos","status":"publish","type":"page","link":"https:\/\/thepatelfirm.com\/es\/houston\/accidentes-de-automovillisticos\/","title":{"rendered":"Abogado de accidentes automovil\u00edsticos en Houston"},"content":{"rendered":"<p>Nadie prev\u00e9 hasta qu\u00e9 punto un accidente de auto puede cambiar toda su vida por completo. En un momento conduce por la autopista y al siguiente se enfrenta a lesiones y a una monta\u00f1a de preguntas. Cuando las acciones negligentes de otro conductor causan una colisi\u00f3n, usted merece justicia y una recuperaci\u00f3n financiera.<\/p>\n<p>En The Patel Firm, nuestro equipo de abogados de accidentes de auto en Houston comprende por lo que usted est\u00e1 pasando. Sabemos que los casos de lesiones por accidentes involucran a personas reales que enfrentan dificultades reales, por lo que estamos aqu\u00ed para luchar por sus derechos y ayudarles a obtener la compensaci\u00f3n que necesitan para salir adelante.<\/p>\n<p>Cont\u00e1ctenos hoy mismo para una consulta gratuita y sin compromiso con un abogado de accidentes de auto altamente calificado en Houston. Usted no paga nada de su bolsillo para que comencemos a trabajar en su caso de accidente y no hay honorarios a menos que resolvamos su asunto con \u00e9xito.<\/p>\n<h2>C\u00f3mo un abogado de accidentes de auto en Houston puede ayudar con su reclamo<\/h2>\n<p>Despu\u00e9s de un accidente de auto, tratar con las aseguradoras puede resultar abrumador. Es posible que le presionen para que acepte un acuerdo r\u00e1pido que no cubra todos sus gastos, o que intenten culparle de la colisi\u00f3n para pagarle lo m\u00ednimo o incluso nada. En The Patel Firm, un abogado experto en accidentes de auto en Houston puede proteger sus intereses y luchar por lo que usted verdaderamente merece.<\/p>\n<p>Nuestro equipo legal brinda una representaci\u00f3n s\u00f3lida pero personalizada en cada caso. Tratamos a cada cliente con el m\u00e1ximo respeto y cuidado, lo que significa que usted nunca ser\u00e1 solo un n\u00famero de expediente para nosotros. Cuando llame, env\u00ede un mensaje de texto o un correo electr\u00f3nico, recibir\u00e1 una respuesta r\u00e1pida porque estamos disponibles las 24 horas del d\u00eda, los 7 d\u00edas de la semana.<\/p>\n<p>Estamos orgullosos de nuestra s\u00f3lida trayectoria de \u00e9xito para las v\u00edctimas de accidentes en todo Texas. Nuestros abogados han recuperado millones de d\u00f3lares para nuestros clientes, y el abogado Minesh Patel ha obtenido el reconocimiento como miembro del Million Dollar Advocates Forum. Esta experiencia marca una diferencia real cuando luchamos por su recuperaci\u00f3n.<\/p>\n<p>Cont\u00e1ctenos hoy para hablar con un abogado de accidentes de auto en Houston. La revisi\u00f3n de su caso es gratuita y plenamente confidencial.<\/p>\n<h2>\u00bfQu\u00e9 debo hacer despu\u00e9s de un accidente de auto?<\/h2>\n<p>Los pasos que tome despu\u00e9s de un accidente vehicular pueden afectar su capacidad para asegurar una indemnizaci\u00f3n justa m\u00e1s adelante. Esto es lo que debe hacer si le es posible:<\/p>\n<ol>\n<li>Primero, verifique si hay lesiones y llame al 911 de inmediato. Obtener atenci\u00f3n m\u00e9dica crea un registro que vincula sus lesiones con la colisi\u00f3n; no omita este paso, incluso si cree que se encuentra bien.<\/li>\n<li>Si puede, recopile informaci\u00f3n en la escena. Tome fotograf\u00edas de todos los veh\u00edculos involucrados, as\u00ed como del \u00e1rea circundante, se\u00f1ales de tr\u00e1fico, marcas de frenado y cualquier lesi\u00f3n visible. Obtenga el nombre del otro conductor, su n\u00famero de tel\u00e9fono, informaci\u00f3n del seguro y n\u00famero de placa. Si hubo testigos, solicite sus datos de contacto.<\/li>\n<li>Llame a la polic\u00eda y espere a que redacten un informe. Este documento oficial ser\u00e1 una de las pruebas m\u00e1s importantes para su reclamo por accidente de auto. Al hablar con los oficiales, lim\u00edtese a los hechos y evite admitir la culpa o disculparse.<\/li>\n<li>Finalmente, contacte a un abogado de accidentes de auto en Houston antes de dar cualquier declaraci\u00f3n a las aseguradoras. Los ajustadores pueden intentar que usted diga cosas que perjudiquen su caso m\u00e1s adelante. Deje que su abogado se encargue de estas conversaciones.<\/li>\n<\/ol>\n<h2>C\u00f3mo nuestros abogados investigan los casos de accidentes de auto<\/h2>\n<p>Construir un caso s\u00f3lido de accidente de auto requiere una investigaci\u00f3n cuidadosa y atenci\u00f3n al detalle. En The Patel Firm, profundizamos para encontrar toda la evidencia que respalde su reclamo.<\/p>\n<p>Comenzamos revisando el informe policial y recopilando toda la documentaci\u00f3n disponible. Examinamos fotos de la escena, obtenemos cualquier grabaci\u00f3n de vigilancia disponible y entrevistamos a testigos de los hechos.<\/p>\n<p>Cuando es apropiado, colaboramos con especialistas en reconstrucci\u00f3n de accidentes que pueden analizar la evidencia y proporcionar una explicaci\u00f3n precisa de lo sucedido. Tambi\u00e9n consultamos con profesionales m\u00e9dicos expertos que pueden testificar sobre su condici\u00f3n y el tratamiento que necesitar\u00e1 en el futuro. Nuestro enfoque exhaustivo para investigar su reclamo nos ayuda a construir el caso legal m\u00e1s s\u00f3lido posible para su recuperaci\u00f3n.<\/p>\n<h2>\u00bfQu\u00e9 indemnizaci\u00f3n podr\u00eda recuperar en un reclamo de accidente de auto?<\/h2>\n<p>La indemnizaci\u00f3n por accidente de auto que puede recuperar depende de su situaci\u00f3n espec\u00edfica. No obstante, la ley de Texas le permite buscar compensaci\u00f3n por diversos tipos de p\u00e9rdidas relacionadas con la colisi\u00f3n, incluyendo las siguientes:<\/p>\n<ul>\n<li>Gastos m\u00e9dicos<\/li>\n<li>Salarios perdidos<\/li>\n<li>P\u00e9rdida de la capacidad de ganancia<\/li>\n<li>Dolor y sufrimiento<\/li>\n<li>Angustia emocional<\/li>\n<li>Cicatrices permanentes o discapacidades<\/li>\n<li>Costos de reparaci\u00f3n o reemplazo de veh\u00edculos y otros da\u00f1os a la propiedad<\/li>\n<\/ul>\n<p>Cuando se re\u00fana con The Patel Firm, podremos evaluar su situaci\u00f3n para determinar la indemnizaci\u00f3n que podr\u00eda ser elegible para recuperar. Comun\u00edquese con nosotros hoy mismo para su revisi\u00f3n de caso gratuita y sin compromiso.<\/p>\n<h2>\u00bfQui\u00e9n podr\u00eda ser responsable de un accidente de auto en Houston?<\/h2>\n<p>Determinar qui\u00e9n debe pagar por un accidente de auto no siempre es sencillo. En muchos casos, el otro conductor ser\u00e1 considerado responsable de causar la colisi\u00f3n debido a un comportamiento negligente o imprudente. Sin embargo, otras partes tambi\u00e9n podr\u00edan compartir la responsabilidad.<\/p>\n<p>Si un veh\u00edculo comercial (como un cami\u00f3n de carga o una camioneta de reparto) estuvo involucrado en el accidente, la empresa propietaria podr\u00eda ser responsable por las acciones de su conductor. Si una pieza defectuosa del autom\u00f3vil contribuy\u00f3 a la colisi\u00f3n, el fabricante podr\u00eda ser considerado responsable. Si las malas condiciones de la carretera o la falta de se\u00f1ales de tr\u00e1fico influyeron, las agencias gubernamentales podr\u00edan tener cierta responsabilidad.<\/p>\n<p>En casos de accidentes de Uber\/Lyft, las cuestiones sobre la cobertura del seguro pueden complicarse. Las empresas de transporte compartido cuentan con diferentes p\u00f3lizas de seguro dependiendo de si el conductor estaba transportando activamente a un pasajero en ese momento. Nuestra firma legal de accidentes automovil\u00edsticos comprende estos problemas y sabe c\u00f3mo identificar a todas las partes que deben rendir cuentas.<\/p>\n<h2>\u00bfPuedo recuperar una indemnizaci\u00f3n si tengo parte de la culpa en el accidente?<\/h2>\n<p>Incluso si usted comparte parte de la responsabilidad, es posible que a\u00fan pueda recuperar una indemnizaci\u00f3n seg\u00fan la ley de Texas. El estado sigue una regla conocida como comparative negligence (negligencia comparativa), tambi\u00e9n denominada responsabilidad proporcional. Esta regla le permite buscar compensaci\u00f3n siempre que su grado de culpa sea del 50 por ciento o menos.<\/p>\n<p>Sin embargo, cualquier indemnizaci\u00f3n financiera que reciba se reducir\u00e1 seg\u00fan su porcentaje de culpa. Por ejemplo, si sus p\u00e9rdidas totales equivalen a $100,000 pero usted tuvo un 20 por ciento de la culpa, recibir\u00eda $80,000, lo cual es un 20 por ciento menos que la cifra total de sus p\u00e9rdidas.<\/p>\n<p>Las aseguradoras a menudo intentan asignar m\u00e1s culpa a las personas lesionadas de la que merecen. Por eso es tan importante trabajar con un abogado experimentado de The Patel Firm. Podemos reunir pruebas, refutar acusaciones injustas y demostrar la responsabilidad de la otra parte en lo sucedido.<\/p>\n<h2>\u00bfDe cu\u00e1nto tiempo dispongo para presentar una demanda por accidente de auto en Texas?<\/h2>\n<p><a href=\"https:\/\/statutes.capitol.texas.gov\/docs\/cp\/htm\/cp.16.htm\"><u>La ley de Texas establece un plazo<\/u><\/a>\u00a0para presentar una demanda por accidente de auto ante los tribunales. La mayor\u00eda de los demandantes tienen dos a\u00f1os a partir de la fecha de la colisi\u00f3n para presentar un caso. Esto puede parecer mucho tiempo, pero puede transcurrir r\u00e1pidamente. Construir un caso s\u00f3lido requiere tiempo, y cuanto antes comience, mejor.<\/p>\n<p>Si no cumple con el plazo de dos a\u00f1os, es probable que pierda su derecho a buscar una indemnizaci\u00f3n de forma permanente. Contacte a The Patel Firm lo antes posible para que podamos comenzar a trabajar en su caso y presentar su reclamo dentro del plazo correspondiente.<\/p>\n<h2>\u00bfCu\u00e1les son los tipos y causas comunes de los accidentes de auto?<\/h2>\n<p>Comprender qu\u00e9 causa las colisiones ayuda a demostrar por qu\u00e9 los conductores negligentes deben rendir cuentas. La mayor\u00eda de los accidentes ocurren debido a errores del conductor o comportamientos peligrosos:<\/p>\n<ul>\n<li><strong><b>Conducci\u00f3n distra\u00edda:<\/b><\/strong>\u00a0se encuentra entre las principales causas de accidentes (enviar mensajes de texto, hablar por tel\u00e9fono, comer, etc.).<\/li>\n<li><strong><b>Accidentes de conducci\u00f3n bajo el efecto del alcohol o drogas:<\/b><\/strong>\u00a0ocurren cuando las personas se ponen al volante mientras est\u00e1n incapacitadas por el alcohol o las drogas. Estas colisiones son particularmente tr\u00e1gicas porque son totalmente evitables.<\/li>\n<li><strong><b>Exceso de velocidad:<\/b><\/strong>\u00a0reduce el tiempo de reacci\u00f3n y aumenta la gravedad del impacto.<\/li>\n<li><strong><b>Ignorar se\u00f1ales de tr\u00e1nsito:<\/b><\/strong>\u00a0ignorar sem\u00e1foros en rojo y se\u00f1ales de alto pone a todos en riesgo.<\/li>\n<li><strong><b>Conducci\u00f3n agresiva:<\/b><\/strong>\u00a0el seguimiento excesivamente cercano y los cambios de carril indebidos contribuyen a situaciones peligrosas en las concurridas v\u00edas de Houston.<\/li>\n<li><strong><b>Golpear y huir: <\/b><\/strong>ocurren cuando los conductores huyen del lugar en lugar de detenerse para intercambiar informaci\u00f3n. Estos casos requieren una investigaci\u00f3n especial para identificar a la parte responsable.<\/li>\n<li><strong><b>Conductores sin seguro:<\/b><\/strong>\u00a0accidentes en los que el conductor culpable no est\u00e1 asegurado plantean desaf\u00edos adicionales, ya que es posible que no cuente con un seguro para cubrir sus p\u00e9rdidas. En estas situaciones, su propia p\u00f3liza de seguro podr\u00eda brindar cobertura a trav\u00e9s de la protecci\u00f3n contra conductores sin seguro.<\/li>\n<li><strong><b>Las condiciones meteorol\u00f3gicas:<\/b><\/strong>\u00a0la escasa visibilidad y los peligros en la carretera tambi\u00e9n pueden contribuir a las colisiones.<\/li>\n<\/ul>\n<p>Independientemente de la causa del accidente de auto, nuestros abogados investigar\u00e1n a fondo la situaci\u00f3n y determinar\u00e1n a qui\u00e9n se debe responsabilizar.<\/p>\n<h2>\u00bfCu\u00e1les son las lesiones t\u00edpicas resultantes de un accidente de auto?<\/h2>\n<p>Las lesiones comunes derivadas de accidentes de auto incluyen las siguientes:<\/p>\n<ul>\n<li>Latigazo cervical y otras lesiones en el cuello<\/li>\n<li>Lesiones de espalda<\/li>\n<li>Huesos rotos y fracturas<\/li>\n<li>Conmociones cerebrales y lesiones cerebrales traum\u00e1ticas<\/li>\n<li>Lesiones en la m\u00e9dula espinal que pueden causar par\u00e1lisis<\/li>\n<li>Lesiones internas<\/li>\n<li>Cortes y laceraciones<\/li>\n<li>Quemaduras<\/li>\n<li>Lesiones de tejidos blandos<\/li>\n<\/ul>\n<p>El dolor puede ser intenso y muchas personas luchan con el trauma emocional despu\u00e9s de una colisi\u00f3n grave. Algunas lesiones causan discapacidades permanentes que cambian vidas para siempre.<\/p>\n<p>Un abogado experimentado tendr\u00e1 en cuenta todas estas lesiones y sus efectos a largo plazo al buscar una compensaci\u00f3n en su nombre.<\/p>\n<h2>Hable hoy con un abogado de accidentes de auto en Houston<\/h2>\n<p>En The Patel Firm, comprendemos que la vida despu\u00e9s de una colisi\u00f3n puede resultar abrumadora. Nuestro equipo cuenta con una amplia experiencia ayudando a las v\u00edctimas de accidentes de veh\u00edculos motorizados en todo Texas a obtener la justicia y la compensaci\u00f3n que merecen. Hemos recuperado millones de d\u00f3lares para nuestros clientes y estamos listos para poner esa experiencia a su servicio.<\/p>\n<p>Al trabajar con The Patel Firm, usted experimentar\u00e1 la diferencia que marca la atenci\u00f3n personalizada. Respondemos con prontitud a las llamadas, mensajes y correos electr\u00f3nicos porque la comunicaci\u00f3n eficaz es crucial durante los momentos dif\u00edciles. Adem\u00e1s, nuestros abogados trabajan bajo un esquema de contingency fee (honorarios por contingencia), lo que significa que usted no nos deber\u00e1 nada a menos que ganemos su caso o logremos un acuerdo en su nombre.<\/p>\n<p>Si usted o un ser querido result\u00f3 lesionado en una colisi\u00f3n, cont\u00e1ctenos hoy mismo para una evaluaci\u00f3n de caso gratuita y sin compromiso. Revisaremos su asunto, explicaremos sus derechos y le informaremos c\u00f3mo podemos ayudarle a recuperar la compensaci\u00f3n que necesita para retomar su vida.<\/p>\n","protected":false},"excerpt":{"rendered":"<p>Nadie prev\u00e9 hasta qu\u00e9 punto un accidente de auto puede cambiar toda su vida por completo. En un momento conduce por la autopista y al siguiente se enfrenta a lesiones y a una monta\u00f1a de preguntas. Cuando las acciones negligentes de otro conductor causan una colisi\u00f3n, usted merece justicia y una recuperaci\u00f3n financiera. En The [&hellip;]<\/p>\n","protected":false},"author":6,"featured_media":47734,"parent":42962,"menu_order":1,"comment_status":"closed","ping_status":"closed","template":"","meta":{"_acf_changed":false,"footnotes":""},"class_list":["post-42978","page","type-page","status-publish","has-post-thumbnail","hentry"],"acf":[],"yoast_head":"<!-- This site is optimized with the Yoast SEO plugin v27.3 - https:\/\/yoast.com\/product\/yoast-seo-wordpress\/ -->\n<title>Abogado de accidentes automovil\u00edsticos en Houston<\/title>\n<meta name=\"description\" content=\"\u00bfSufri\u00f3 un accidente en Houston? Los abogados de The Patel Firm luchan por su indemnizaci\u00f3n. Consulta gratuita, disponibilidad 24\/7 y sin honorarios a menos que ganemos.\" \/>\n<meta name=\"robots\" content=\"index, follow, max-snippet:-1, max-image-preview:large, max-video-preview:-1\" \/>\n<link rel=\"canonical\" href=\"https:\/\/thepatelfirm.com\/es\/houston\/accidentes-de-automovillisticos\/\" \/>\n<meta property=\"og:locale\" content=\"es_ES\" \/>\n<meta property=\"og:type\" content=\"article\" \/>\n<meta property=\"og:title\" content=\"Abogado de accidentes automovil\u00edsticos en Houston\" \/>\n<meta property=\"og:description\" content=\"\u00bfSufri\u00f3 un accidente en Houston? Los abogados de The Patel Firm luchan por su indemnizaci\u00f3n. Consulta gratuita, disponibilidad 24\/7 y sin honorarios a menos que ganemos.\" \/>\n<meta property=\"og:url\" content=\"https:\/\/thepatelfirm.com\/es\/houston\/accidentes-de-automovillisticos\/\" \/>\n<meta property=\"og:site_name\" content=\"thepatelfirm.com Managed WordPress Site\" \/>\n<meta property=\"article:publisher\" content=\"https:\/\/www.facebook.com\/thepatelfirmpllc\/\" \/>\n<meta property=\"article:modified_time\" content=\"2026-02-16T17:30:17+00:00\" \/>\n<meta property=\"og:image\" content=\"https:\/\/thepatelfirm.com\/wp-content\/uploads\/2026\/02\/car-accidents-1.png\" \/>\n\t<meta property=\"og:image:width\" content=\"810\" \/>\n\t<meta property=\"og:image:height\" content=\"330\" \/>\n\t<meta property=\"og:image:type\" content=\"image\/png\" \/>\n<meta name=\"twitter:card\" content=\"summary_large_image\" \/>\n<meta name=\"twitter:site\" content=\"@ThePatelLawFirm\" \/>\n<meta name=\"twitter:label1\" content=\"Tiempo de lectura\" \/>\n\t<meta name=\"twitter:data1\" content=\"9 minutos\" \/>\n<!-- \/ Yoast SEO plugin. -->","yoast_head_json":{"title":"Abogado de accidentes automovil\u00edsticos en Houston","description":"\u00bfSufri\u00f3 un accidente en Houston? Los abogados de The Patel Firm luchan por su indemnizaci\u00f3n. Consulta gratuita, disponibilidad 24\/7 y sin honorarios a menos que ganemos.","robots":{"index":"index","follow":"follow","max-snippet":"max-snippet:-1","max-image-preview":"max-image-preview:large","max-video-preview":"max-video-preview:-1"},"canonical":"https:\/\/thepatelfirm.com\/es\/houston\/accidentes-de-automovillisticos\/","og_locale":"es_ES","og_type":"article","og_title":"Abogado de accidentes automovil\u00edsticos en Houston","og_description":"\u00bfSufri\u00f3 un accidente en Houston? Los abogados de The Patel Firm luchan por su indemnizaci\u00f3n. Consulta gratuita, disponibilidad 24\/7 y sin honorarios a menos que ganemos.","og_url":"https:\/\/thepatelfirm.com\/es\/houston\/accidentes-de-automovillisticos\/","og_site_name":"thepatelfirm.com Managed WordPress Site","article_publisher":"https:\/\/www.facebook.com\/thepatelfirmpllc\/","article_modified_time":"2026-02-16T17:30:17+00:00","og_image":[{"width":810,"height":330,"url":"https:\/\/thepatelfirm.com\/wp-content\/uploads\/2026\/02\/car-accidents-1.png","type":"image\/png"}],"twitter_card":"summary_large_image","twitter_site":"@ThePatelLawFirm","twitter_misc":{"Tiempo de lectura":"9 minutos"},"schema":{"@context":"https:\/\/schema.org","@graph":[{"@type":"WebPage","@id":"https:\/\/thepatelfirm.com\/es\/houston\/accidentes-de-automovillisticos\/","url":"https:\/\/thepatelfirm.com\/es\/houston\/accidentes-de-automovillisticos\/","name":"Abogado de accidentes automovil\u00edsticos en Houston","isPartOf":{"@id":"https:\/\/thepatelfirm.com\/es\/#website"},"primaryImageOfPage":{"@id":"https:\/\/thepatelfirm.com\/es\/houston\/accidentes-de-automovillisticos\/#primaryimage"},"image":{"@id":"https:\/\/thepatelfirm.com\/es\/houston\/accidentes-de-automovillisticos\/#primaryimage"},"thumbnailUrl":"https:\/\/thepatelfirm.com\/wp-content\/uploads\/2026\/02\/car-accidents-1.png","datePublished":"2026-02-06T07:39:38+00:00","dateModified":"2026-02-16T17:30:17+00:00","description":"\u00bfSufri\u00f3 un accidente en Houston? Los abogados de The Patel Firm luchan por su indemnizaci\u00f3n. Consulta gratuita, disponibilidad 24\/7 y sin honorarios a menos que ganemos.","breadcrumb":{"@id":"https:\/\/thepatelfirm.com\/es\/houston\/accidentes-de-automovillisticos\/#breadcrumb"},"inLanguage":"es","potentialAction":[{"@type":"ReadAction","target":["https:\/\/thepatelfirm.com\/es\/houston\/accidentes-de-automovillisticos\/"]}]},{"@type":"ImageObject","inLanguage":"es","@id":"https:\/\/thepatelfirm.com\/es\/houston\/accidentes-de-automovillisticos\/#primaryimage","url":"https:\/\/thepatelfirm.com\/wp-content\/uploads\/2026\/02\/car-accidents-1.png","contentUrl":"https:\/\/thepatelfirm.com\/wp-content\/uploads\/2026\/02\/car-accidents-1.png","width":810,"height":330},{"@type":"BreadcrumbList","@id":"https:\/\/thepatelfirm.com\/es\/houston\/accidentes-de-automovillisticos\/#breadcrumb","itemListElement":[{"@type":"ListItem","position":1,"name":"","item":"https:\/\/thepatelfirm.com\/es\/"},{"@type":"ListItem","position":2,"name":"Abogado de lesiones personales en Houston","item":"https:\/\/thepatelfirm.com\/es\/houston\/"},{"@type":"ListItem","position":3,"name":"Abogado de accidentes automovil\u00edsticos en Houston"}]},{"@type":"WebSite","@id":"https:\/\/thepatelfirm.com\/es\/#website","url":"https:\/\/thepatelfirm.com\/es\/","name":"The Patel Firm","description":"","publisher":{"@id":"https:\/\/thepatelfirm.com\/es\/#organization"},"potentialAction":[{"@type":"SearchAction","target":{"@type":"EntryPoint","urlTemplate":"https:\/\/thepatelfirm.com\/es\/?s={search_term_string}"},"query-input":{"@type":"PropertyValueSpecification","valueRequired":true,"valueName":"search_term_string"}}],"inLanguage":"es"},{"@type":"Organization","@id":"https:\/\/thepatelfirm.com\/es\/#organization","name":"The Patel Firm","url":"https:\/\/thepatelfirm.com\/es\/","logo":{"@type":"ImageObject","inLanguage":"es","@id":"https:\/\/thepatelfirm.com\/es\/#\/schema\/logo\/image\/","url":"https:\/\/thepatelfirm.com\/wp-content\/uploads\/2026\/01\/logo-header.svg","contentUrl":"https:\/\/thepatelfirm.com\/wp-content\/uploads\/2026\/01\/logo-header.svg","width":1,"height":1,"caption":"The Patel Firm"},"image":{"@id":"https:\/\/thepatelfirm.com\/es\/#\/schema\/logo\/image\/"},"sameAs":["https:\/\/www.facebook.com\/thepatelfirmpllc\/","https:\/\/x.com\/ThePatelLawFirm","https:\/\/www.instagram.com\/thepatellawfirm\/","https:\/\/www.linkedin.com\/company\/the-patel-firm-pllc","https:\/\/www.youtube.com\/channel\/UCftZ8j9wF-HsOsFYtd8HDog"]}]}},"_links":{"self":[{"href":"https:\/\/thepatelfirm.com\/es\/wp-json\/wp\/v2\/pages\/42978","targetHints":{"allow":["GET"]}}],"collection":[{"href":"https:\/\/thepatelfirm.com\/es\/wp-json\/wp\/v2\/pages"}],"about":[{"href":"https:\/\/thepatelfirm.com\/es\/wp-json\/wp\/v2\/types\/page"}],"author":[{"embeddable":true,"href":"https:\/\/thepatelfirm.com\/es\/wp-json\/wp\/v2\/users\/6"}],"replies":[{"embeddable":true,"href":"https:\/\/thepatelfirm.com\/es\/wp-json\/wp\/v2\/comments?post=42978"}],"version-history":[{"count":0,"href":"https:\/\/thepatelfirm.com\/es\/wp-json\/wp\/v2\/pages\/42978\/revisions"}],"up":[{"embeddable":true,"href":"https:\/\/thepatelfirm.com\/es\/wp-json\/wp\/v2\/pages\/42962"}],"wp:featuredmedia":[{"embeddable":true,"href":"https:\/\/thepatelfirm.com\/es\/wp-json\/wp\/v2\/media\/47734"}],"wp:attachment":[{"href":"https:\/\/thepatelfirm.com\/es\/wp-json\/wp\/v2\/media?parent=42978"}],"curies":[{"name":"wp","href":"https:\/\/api.w.org\/{rel}","templated":true}]}}