{"id":42990,"date":"2026-02-06T07:40:07","date_gmt":"2026-02-06T07:40:07","guid":{"rendered":"https:\/\/thepatelfirm.com\/?page_id=42990"},"modified":"2026-02-16T17:30:56","modified_gmt":"2026-02-16T17:30:56","slug":"accidentes-de-motocicleta","status":"publish","type":"page","link":"https:\/\/thepatelfirm.com\/es\/houston\/accidentes-de-motocicleta\/","title":{"rendered":"Abogado de accidentes de motocicleta en Houston"},"content":{"rendered":"<p>Conducir una motocicleta ofrece una sensaci\u00f3n de libertad que pocas experiencias pueden igualar. Sin embargo, esa experiencia conlleva graves riesgos. Cuando otros conductores no prestan atenci\u00f3n a las motocicletas en las concurridas v\u00edas de Houston, las consecuencias pueden ser catastr\u00f3ficas. Los motociclistas cuentan con poca protecci\u00f3n en caso de un accidente y las lesiones suelen ser graves o incluso fatales<\/p>\n<p>Si usted o alguien cercano result\u00f3 lesionado en un accidente de motocicleta, necesita contar con asesor\u00eda legal experimentada de su lado. Un abogado de accidentes de motocicleta en Houston de The Patel Firm puede luchar por la justicia y la compensaci\u00f3n que merece. Cont\u00e1ctenos hoy mismo para hablar sobre su caso y definir los siguientes pasos. La evaluaci\u00f3n de su caso es gratuita y sin compromiso; usted no paga nada a menos que ganemos su caso.<\/p>\n<h2>Por qu\u00e9 deber\u00eda contratar a un abogado en Houston para su reclamo por accidente de motocicleta<\/h2>\n<p>Despu\u00e9s de un accidente de motocicleta, es normal sentirse abrumado por las facturas m\u00e9dicas y las dudas sobre qu\u00e9 sigue despu\u00e9s. Contratar a un abogado de accidentes de motocicleta en Houston puede marcar una gran diferencia en el resultado de su caso.<\/p>\n<p>Las aseguradoras suelen tratar a los motociclistas de manera injusta. Pueden intentar culparlo del accidente, minimizar la gravedad de sus lesiones u ofrecerle un acuerdo muy por debajo de lo que realmente necesita. Un abogado con experiencia puede protegerlo de estas t\u00e1cticas y trabajar para que obtenga una compensaci\u00f3n completa y justa.<\/p>\n<p>En The Patel Firm, ofrecemos una representaci\u00f3n s\u00f3lida y a la vez personalizada en cada caso que atendemos. Cuando usted se vuelva nuestro cliente, nunca ser\u00e1 tratado como un simple n\u00famero de expediente. Nuestros atentos abogados estar\u00e1n disponibles las 24 horas, los 7 d\u00edas de la semana, para atender sus llamadas, responder sus mensajes y dar seguimiento a sus correos electr\u00f3nicos con rapidez. Sabemos que las lesiones no siguen un horario, y nuestro compromiso con nuestros clientes tampoco.<\/p>\n<p>Nuestro despacho de abogados de accidentes de motocicleta cuenta con una trayectoria comprobada de \u00e9xito representando a v\u00edctimas de accidentes en todo Texas. Hemos recuperado millones de d\u00f3lares en compensaciones para nuestros clientes, y el abogado Minesh Patel ha sido reconocido como miembro del Million Dollar Advocates Forum y como uno de los mejores abogados de Estados Unidos.<\/p>\n<p>Cont\u00e1ctenos hoy mismo para hablar con un abogado calificado de accidentes de motocicleta en Houston. La revisi\u00f3n de su caso es gratuita y completamente confidencial.<\/p>\n<h2>C\u00f3mo investigamos los casos de accidentes de motocicleta en Houston<\/h2>\n<p>Construir un caso s\u00f3lido de accidente de motocicleta requiere una investigaci\u00f3n cuidadosa y atenci\u00f3n al detalle. En The Patel Firm, no dejamos ning\u00fan aspecto sin revisar al recopilar pruebas para respaldar su reclamo.<\/p>\n<p>Comenzamos visitando el lugar del accidente para evaluar las condiciones de la v\u00eda y otros factores que pudieron haber contribuido al choque. Nuestros abogados analizan los informes policiales, los expedientes m\u00e9dicos, las declaraciones de testigos y cualquier grabaci\u00f3n de c\u00e1maras de tr\u00e1fico o de locales cercanos. Si el otro conductor viol\u00f3 las leyes de tr\u00e1nsito o manejaba de manera imprudente, nos encargaremos de reunir las pruebas correspondientes.<\/p>\n<p>Cuando es necesario, nuestros abogados colaboran con especialistas en reconstrucci\u00f3n de accidentes que pueden analizar las pruebas y ofrecer una explicaci\u00f3n detallada de lo ocurrido. Tambi\u00e9n podemos consultar con profesionales m\u00e9dicos que pueden dar testimonio sobre las lesiones que usted ha sufrido y la atenci\u00f3n a largo plazo que necesitar\u00e1.<\/p>\n<h2>\u00bfQu\u00e9 compensaci\u00f3n podr\u00eda recuperar en un reclamo por accidente de motocicleta en Houston?<\/h2>\n<p>La compensaci\u00f3n que usted puede recuperar tras un accidente de motocicleta depende de las circunstancias espec\u00edficas de su caso. Sin embargo, la ley de Texas le permite solicitar compensaci\u00f3n por distintos tipos de p\u00e9rdidas.<\/p>\n<p>Usted puede reclamar compensaci\u00f3n por una colisi\u00f3n de motocicleta por los siguientes conceptos:<\/p>\n<ul>\n<li>Todos sus gastos m\u00e9dicos, incluidos atenci\u00f3n en sala de emergencias, hospitalizaciones, cirug\u00edas, medicamentos, terapia f\u00edsica y cualquier atenci\u00f3n m\u00e9dica futura que requieran sus lesiones<\/li>\n<li>Salarios perdidos si sus lesiones le impiden trabajar<\/li>\n<li>La p\u00e9rdida de su capacidad de generar ingresos en el futuro<\/li>\n<li>Dolor y sufrimiento f\u00edsico<\/li>\n<li>El estr\u00e9s emocional, la ansiedad y el miedo que haya experimentado<\/li>\n<li>Cicatrices o discapacidades permanentes<\/li>\n<li>Da\u00f1os a la propiedad, como la reparaci\u00f3n o el reemplazo de su motocicleta<\/li>\n<\/ul>\n<h2>\u00bfQu\u00e9 debo hacer despu\u00e9s de un accidente de motocicleta?<\/h2>\n<p>Despu\u00e9s de un accidente de motocicleta, puede mejorar sus posibilidades de obtener una compensaci\u00f3n si sigue estos pasos:<\/p>\n<ul>\n<li>Busque atenci\u00f3n m\u00e9dica de inmediato. Incluso si no cree estar lesionado de gravedad, permita que los param\u00e9dicos lo eval\u00faen y acuda al hospital si as\u00ed se lo recomiendan.<\/li>\n<li>Documente la escena del accidente tomando fotograf\u00edas de su motocicleta, del otro veh\u00edculo, de la v\u00eda y de sus lesiones visibles.<\/li>\n<li>Obtenga la informaci\u00f3n y los datos de contacto del otro conductor, as\u00ed como de cualquier testigo. Llame a la polic\u00eda y espere a que lleguen para que se elabore un informe oficial.<\/li>\n<li>No admita culpa ni se disculpe, aunque solo est\u00e9 tratando de ser cort\u00e9s.<\/li>\n<li>Contacte a un abogado de accidentes de motocicleta en Houston lo antes posible y no proporcione declaraciones grabadas a las aseguradoras sin antes hablar con un abogado.<\/li>\n<\/ul>\n<h2>\u00bfEn qu\u00e9 se diferencia un accidente de motocicleta de un accidente automovil\u00edstico?<\/h2>\n<p>Los accidentes de motocicleta presentan desaf\u00edos particulares que los distinguen de los choques en los que solo est\u00e1n involucrados autom\u00f3viles. Los motociclistas enfrentan un riesgo mucho mayor de sufrir lesiones graves o incluso la muerte, ya que las motocicletas pr\u00e1cticamente no ofrecen protecci\u00f3n al conductor y lo dejan expuesto a toda la fuerza del impacto.<\/p>\n<p>En ocasiones, las aseguradoras y los jurados mantienen prejuicios injustos contra los motociclistas, asumiendo que son imprudentes o que aceptan el riesgo por el simple hecho de conducir una motocicleta. Estas percepciones son incorrectas, pero pueden dificultar la obtenci\u00f3n de una compensaci\u00f3n justa. Adem\u00e1s, la investigaci\u00f3n de accidentes de motocicleta requiere conocimientos especializados sobre el manejo de estas unidades y las causas de determinados tipos de choques.<\/p>\n<p>En The Patel Firm, comprendemos estos aspectos particulares de los casos de demandas por accidentes de motocicleta y sabemos c\u00f3mo manejarlos de manera eficaz. Comun\u00edquese con nosotros hoy mismo para conocer m\u00e1s sobre sus derechos legales en una consulta gratuita y sin compromiso.<\/p>\n<h2>\u00bfQui\u00e9n podr\u00eda ser considerado responsable de un accidente de motocicleta en Houston?<\/h2>\n<p>Determinar qui\u00e9n debe ser considerado responsable de un accidente de motocicleta no siempre es sencillo. En muchos casos, el conductor de otro veh\u00edculo es responsable por no ver al motociclista, no revisar los puntos ciegos, realizar vueltas peligrosas, seguir muy de cerca a otros conductores o motociclistas o conducir distra\u00eddo o bajo los efectos del alcohol o las drogas. Las concurridas autopistas de Houston, como la I-45, I-10, I-610, la U.S. Route 59, la Sam Houston Tollway y Westheimer Road, registran cada a\u00f1o demasiados accidentes de motocicleta debido a la conducci\u00f3n descuidada.<\/p>\n<p>No obstante, otras partes tambi\u00e9n podr\u00edan tener responsabilidad. Si un fabricante de motocicletas produjo piezas defectuosas que causaron el accidente, podr\u00eda ser considerado responsable. Si un taller mec\u00e1nico realiz\u00f3 reparaciones deficientes, tambi\u00e9n podr\u00eda compartir la culpa. Asimismo, si las condiciones de la v\u00eda eran peligrosas porque una ciudad no dio el mantenimiento adecuado a la carretera, las entidades gubernamentales podr\u00edan ser responsables.<\/p>\n<p>En The Patel Firm, un abogado de accidentes de motocicleta en Houston puede investigar a fondo los hechos e identificar a todas las partes que deban rendir cuentas por el incidente.<\/p>\n<h2>\u00bfPuedo recibir compensaci\u00f3n si tengo parte de la culpa en un accidente de motocicleta?<\/h2>\n<p>Incluso si usted comparte cierta responsabilidad en la colisi\u00f3n de motocicleta, es posible que a\u00fan pueda recuperar compensaci\u00f3n conforme a la <a href=\"https:\/\/statutes.capitol.texas.gov\/Docs\/CP\/htm\/CP.33.htm\"><u>ley de Texas<\/u><\/a>. El estado aplica una regla conocida como negligencia comparativa. Bajo esta norma, usted puede reclamar compensaci\u00f3n siempre que tenga un 50% o menos de culpa en el accidente. No obstante, cualquier monto que reciba se reducir\u00e1 de acuerdo con su porcentaje de responsabilidad.<\/p>\n<p>Por ejemplo, si un jurado le otorga $500,000, pero determina que usted tuvo un 20% de culpa en el accidente por exceder la velocidad, a\u00fan podr\u00eda recuperar $400,000, es decir, un 20% menos del monto total otorgado.<\/p>\n<p>Determinar la culpa puede ser complejo, y las aseguradoras a menudo intentan atribuirle m\u00e1s responsabilidad de la que realmente le corresponde. Por ello, es fundamental trabajar con un abogado con experiencia de The Patel Firm, quien puede reunir las pruebas necesarias y demostrar la responsabilidad de la otra parte.<\/p>\n<h2>\u00bfCu\u00e1nto tiempo tengo para presentar una demanda por accidente de motocicleta en Texas?<\/h2>\n<p><a href=\"https:\/\/statutes.capitol.texas.gov\/docs\/cp\/htm\/cp.16.htm\"><u>La ley de Texas establece un plazo<\/u><\/a>\u00a0para presentar una demanda por accidente de motocicleta ante los tribunales. En la mayor\u00eda de los casos, usted tiene dos a\u00f1os a partir de la fecha del accidente para presentar su caso. Aunque dos a\u00f1os podr\u00edan parecer tiempo suficiente, este periodo puede pasar m\u00e1s r\u00e1pido de lo que se imagina, y la preparaci\u00f3n de un caso s\u00f3lido requiere tiempo.<\/p>\n<p>Si espera demasiado para presentar su demanda, podr\u00eda perder de manera permanente su derecho a solicitar compensaci\u00f3n. Por ello, es importante que se comunique con The Patel Firm lo antes posible despu\u00e9s de un accidente de motocicleta. Ofrecemos una consulta inicial gratuita y sin compromiso, por lo que no existe ning\u00fan riesgo financiero al contactarnos para conocer sus opciones legales.<\/p>\n<h2>\u00bfCu\u00e1les son los tipos y las causas m\u00e1s comunes de accidentes de motocicleta en Houston?<\/h2>\n<p>La mayor\u00eda de los accidentes de motocicleta ocurren porque otros conductores cometen errores por descuido. Entre las causas m\u00e1s comunes se encuentran las siguientes:<\/p>\n<ul>\n<li><strong><b>Accidentes por giros a la izquierda<\/b><\/strong>: un veh\u00edculo gira a la izquierda frente a una motocicleta que viene de frente, sin darle tiempo al motociclista para detenerse.<\/li>\n<li><strong><b>Colisiones al cambiar de carril<\/b><\/strong>: un conductor se cambia de carril sin revisar los puntos ciegos e impacta a una motocicleta.<\/li>\n<li><strong><b>Choques por alcance<\/b><\/strong>: un conductor distra\u00eddo choca por detr\u00e1s a una motocicleta.<\/li>\n<li><strong><b>Conducci\u00f3n distra\u00edda<\/b><\/strong>: conductores que env\u00edan mensajes, comen o usan el tel\u00e9fono no logran ver a las motocicletas en la v\u00eda.<\/li>\n<li><strong><b>Exceso de velocidad<\/b><\/strong>: la velocidad excesiva reduce el tiempo de reacci\u00f3n y aumenta la gravedad de los choques.<\/li>\n<li><strong><b>Conducci\u00f3n bajo los efectos del alcohol u otras drogas<\/b><\/strong>: el alcohol y las drogas ralentizan los reflejos y afectan el juicio.<\/li>\n<li><strong><b>Peligros en la carretera<\/b><\/strong>: baches, grava, derrames de aceite y escombros representan un grave peligro para los motociclistas.<\/li>\n<\/ul>\n<h2>\u00bfCu\u00e1les son las lesiones t\u00edpicas derivadas de una colisi\u00f3n de motocicleta?<\/h2>\n<p>Debido a que las motocicletas ofrecen muy poca protecci\u00f3n, las lesiones provocadas por choques suelen ser graves y pueden cambiar la vida de manera permanente. Entre las lesiones m\u00e1s comunes se incluyen las siguientes:<\/p>\n<ul>\n<li>Lesiones en la cabeza y el cerebro<\/li>\n<li>Lesiones en la m\u00e9dula espinal que pueden provocar par\u00e1lisis<\/li>\n<li>Huesos rotos y fracturas<\/li>\n<li>\u201cRaspaduras por arrastre\u201d o quemaduras por fricci\u00f3n al deslizarse sobre el pavimento<\/li>\n<li>Lesiones internas<\/li>\n<li>Amputaciones<\/li>\n<li>Lesiones de tejidos blandos<\/li>\n<li>Cicatrices permanentes<\/li>\n<\/ul>\n<p>Estas lesiones suelen requerir largos periodos de rehabilitaci\u00f3n y atenci\u00f3n m\u00e9dica continua. Muchos motociclistas enfrentan discapacidades permanentes que transforman sus vidas para siempre.<\/p>\n<h2>Contacte hoy a un abogado de accidentes de motocicleta en Houston<\/h2>\n<p>En The Patel Firm, entendemos que un accidente de motocicleta puede afectar todos los aspectos de su vida. Nuestro equipo cuenta con a\u00f1os de experiencia ayudando a v\u00edctimas de accidentes de motocicleta en todo Texas a obtener la compensaci\u00f3n que merecen. Podemos investigar a fondo su reclamo, reunir pruebas s\u00f3lidas, negociar de manera firme y llevar su caso a juicio si es necesario.<\/p>\n<p>Cuando usted trabaja con The Patel Firm, recibe una atenci\u00f3n verdaderamente personalizada. Siempre sabr\u00e1 qu\u00e9 est\u00e1 ocurriendo con su caso y se sentir\u00e1 escuchado y valorado. Nuestro despacho ofrece comunicaci\u00f3n honesta, respaldo legal s\u00f3lido y la atenci\u00f3n personal que nuestros clientes merecen. Ya que su vida y su historia nos importan, nunca lo trataremos como un simple n\u00famero de expediente, sino como una persona que realmente necesita ayuda.<\/p>\n<p>Si usted o alguien cercano result\u00f3 lesionado en un accidente de motocicleta en Houston, cont\u00e1ctenos hoy mismo para una consulta gratuita con un abogado con experiencia que luchar\u00e1 por sus derechos. Su consulta es completamente confidencial y no hay cargos a menos que logremos recuperar compensaci\u00f3n para usted.<\/p>\n","protected":false},"excerpt":{"rendered":"<p>Conducir una motocicleta ofrece una sensaci\u00f3n de libertad que pocas experiencias pueden igualar. Sin embargo, esa experiencia conlleva graves riesgos. Cuando otros conductores no prestan atenci\u00f3n a las motocicletas en las concurridas v\u00edas de Houston, las consecuencias pueden ser catastr\u00f3ficas. Los motociclistas cuentan con poca protecci\u00f3n en caso de un accidente y las lesiones suelen [&hellip;]<\/p>\n","protected":false},"author":6,"featured_media":47775,"parent":42962,"menu_order":2,"comment_status":"closed","ping_status":"closed","template":"","meta":{"_acf_changed":false,"footnotes":""},"class_list":["post-42990","page","type-page","status-publish","has-post-thumbnail","hentry"],"acf":[],"yoast_head":"<!-- This site is optimized with the Yoast SEO plugin v27.3 - https:\/\/yoast.com\/product\/yoast-seo-wordpress\/ -->\n<title>Abogado de accidentes de motocicleta en Houston<\/title>\n<meta name=\"description\" content=\"Puede recibir asesor\u00eda legal de un abogado de accidentes de motocicleta en Houston, quien analizar\u00e1 su caso y buscar\u00e1 una compensaci\u00f3n justa.\" \/>\n<meta name=\"robots\" content=\"index, follow, max-snippet:-1, max-image-preview:large, max-video-preview:-1\" \/>\n<link rel=\"canonical\" href=\"https:\/\/thepatelfirm.com\/es\/houston\/accidentes-de-motocicleta\/\" \/>\n<meta property=\"og:locale\" content=\"es_ES\" \/>\n<meta property=\"og:type\" content=\"article\" \/>\n<meta property=\"og:title\" content=\"Abogado de accidentes de motocicleta en Houston\" \/>\n<meta property=\"og:description\" content=\"Puede recibir asesor\u00eda legal de un abogado de accidentes de motocicleta en Houston, quien analizar\u00e1 su caso y buscar\u00e1 una compensaci\u00f3n justa.\" \/>\n<meta property=\"og:url\" content=\"https:\/\/thepatelfirm.com\/es\/houston\/accidentes-de-motocicleta\/\" \/>\n<meta property=\"og:site_name\" content=\"thepatelfirm.com Managed WordPress Site\" \/>\n<meta property=\"article:publisher\" content=\"https:\/\/www.facebook.com\/thepatelfirmpllc\/\" \/>\n<meta property=\"article:modified_time\" content=\"2026-02-16T17:30:56+00:00\" \/>\n<meta property=\"og:image\" content=\"https:\/\/thepatelfirm.com\/wp-content\/uploads\/2026\/02\/Houston-Motorcycle.png\" \/>\n\t<meta property=\"og:image:width\" content=\"810\" \/>\n\t<meta property=\"og:image:height\" content=\"330\" \/>\n\t<meta property=\"og:image:type\" content=\"image\/png\" \/>\n<meta name=\"twitter:card\" content=\"summary_large_image\" \/>\n<meta name=\"twitter:site\" content=\"@ThePatelLawFirm\" \/>\n<meta name=\"twitter:label1\" content=\"Tiempo de lectura\" \/>\n\t<meta name=\"twitter:data1\" content=\"9 minutos\" \/>\n<!-- \/ Yoast SEO plugin. -->","yoast_head_json":{"title":"Abogado de accidentes de motocicleta en Houston","description":"Puede recibir asesor\u00eda legal de un abogado de accidentes de motocicleta en Houston, quien analizar\u00e1 su caso y buscar\u00e1 una compensaci\u00f3n justa.","robots":{"index":"index","follow":"follow","max-snippet":"max-snippet:-1","max-image-preview":"max-image-preview:large","max-video-preview":"max-video-preview:-1"},"canonical":"https:\/\/thepatelfirm.com\/es\/houston\/accidentes-de-motocicleta\/","og_locale":"es_ES","og_type":"article","og_title":"Abogado de accidentes de motocicleta en Houston","og_description":"Puede recibir asesor\u00eda legal de un abogado de accidentes de motocicleta en Houston, quien analizar\u00e1 su caso y buscar\u00e1 una compensaci\u00f3n justa.","og_url":"https:\/\/thepatelfirm.com\/es\/houston\/accidentes-de-motocicleta\/","og_site_name":"thepatelfirm.com Managed WordPress Site","article_publisher":"https:\/\/www.facebook.com\/thepatelfirmpllc\/","article_modified_time":"2026-02-16T17:30:56+00:00","og_image":[{"width":810,"height":330,"url":"https:\/\/thepatelfirm.com\/wp-content\/uploads\/2026\/02\/Houston-Motorcycle.png","type":"image\/png"}],"twitter_card":"summary_large_image","twitter_site":"@ThePatelLawFirm","twitter_misc":{"Tiempo de lectura":"9 minutos"},"schema":{"@context":"https:\/\/schema.org","@graph":[{"@type":"WebPage","@id":"https:\/\/thepatelfirm.com\/es\/houston\/accidentes-de-motocicleta\/","url":"https:\/\/thepatelfirm.com\/es\/houston\/accidentes-de-motocicleta\/","name":"Abogado de accidentes de motocicleta en Houston","isPartOf":{"@id":"https:\/\/thepatelfirm.com\/es\/#website"},"primaryImageOfPage":{"@id":"https:\/\/thepatelfirm.com\/es\/houston\/accidentes-de-motocicleta\/#primaryimage"},"image":{"@id":"https:\/\/thepatelfirm.com\/es\/houston\/accidentes-de-motocicleta\/#primaryimage"},"thumbnailUrl":"https:\/\/thepatelfirm.com\/wp-content\/uploads\/2026\/02\/Houston-Motorcycle.png","datePublished":"2026-02-06T07:40:07+00:00","dateModified":"2026-02-16T17:30:56+00:00","description":"Puede recibir asesor\u00eda legal de un abogado de accidentes de motocicleta en Houston, quien analizar\u00e1 su caso y buscar\u00e1 una compensaci\u00f3n justa.","breadcrumb":{"@id":"https:\/\/thepatelfirm.com\/es\/houston\/accidentes-de-motocicleta\/#breadcrumb"},"inLanguage":"es","potentialAction":[{"@type":"ReadAction","target":["https:\/\/thepatelfirm.com\/es\/houston\/accidentes-de-motocicleta\/"]}]},{"@type":"ImageObject","inLanguage":"es","@id":"https:\/\/thepatelfirm.com\/es\/houston\/accidentes-de-motocicleta\/#primaryimage","url":"https:\/\/thepatelfirm.com\/wp-content\/uploads\/2026\/02\/Houston-Motorcycle.png","contentUrl":"https:\/\/thepatelfirm.com\/wp-content\/uploads\/2026\/02\/Houston-Motorcycle.png","width":810,"height":330},{"@type":"BreadcrumbList","@id":"https:\/\/thepatelfirm.com\/es\/houston\/accidentes-de-motocicleta\/#breadcrumb","itemListElement":[{"@type":"ListItem","position":1,"name":"","item":"https:\/\/thepatelfirm.com\/es\/"},{"@type":"ListItem","position":2,"name":"Abogado de lesiones personales en Houston","item":"https:\/\/thepatelfirm.com\/es\/houston\/"},{"@type":"ListItem","position":3,"name":"Abogado de accidentes de motocicleta en Houston"}]},{"@type":"WebSite","@id":"https:\/\/thepatelfirm.com\/es\/#website","url":"https:\/\/thepatelfirm.com\/es\/","name":"The Patel Firm","description":"","publisher":{"@id":"https:\/\/thepatelfirm.com\/es\/#organization"},"potentialAction":[{"@type":"SearchAction","target":{"@type":"EntryPoint","urlTemplate":"https:\/\/thepatelfirm.com\/es\/?s={search_term_string}"},"query-input":{"@type":"PropertyValueSpecification","valueRequired":true,"valueName":"search_term_string"}}],"inLanguage":"es"},{"@type":"Organization","@id":"https:\/\/thepatelfirm.com\/es\/#organization","name":"The Patel Firm","url":"https:\/\/thepatelfirm.com\/es\/","logo":{"@type":"ImageObject","inLanguage":"es","@id":"https:\/\/thepatelfirm.com\/es\/#\/schema\/logo\/image\/","url":"https:\/\/thepatelfirm.com\/wp-content\/uploads\/2026\/01\/logo-header.svg","contentUrl":"https:\/\/thepatelfirm.com\/wp-content\/uploads\/2026\/01\/logo-header.svg","width":1,"height":1,"caption":"The Patel Firm"},"image":{"@id":"https:\/\/thepatelfirm.com\/es\/#\/schema\/logo\/image\/"},"sameAs":["https:\/\/www.facebook.com\/thepatelfirmpllc\/","https:\/\/x.com\/ThePatelLawFirm","https:\/\/www.instagram.com\/thepatellawfirm\/","https:\/\/www.linkedin.com\/company\/the-patel-firm-pllc","https:\/\/www.youtube.com\/channel\/UCftZ8j9wF-HsOsFYtd8HDog"]}]}},"_links":{"self":[{"href":"https:\/\/thepatelfirm.com\/es\/wp-json\/wp\/v2\/pages\/42990","targetHints":{"allow":["GET"]}}],"collection":[{"href":"https:\/\/thepatelfirm.com\/es\/wp-json\/wp\/v2\/pages"}],"about":[{"href":"https:\/\/thepatelfirm.com\/es\/wp-json\/wp\/v2\/types\/page"}],"author":[{"embeddable":true,"href":"https:\/\/thepatelfirm.com\/es\/wp-json\/wp\/v2\/users\/6"}],"replies":[{"embeddable":true,"href":"https:\/\/thepatelfirm.com\/es\/wp-json\/wp\/v2\/comments?post=42990"}],"version-history":[{"count":0,"href":"https:\/\/thepatelfirm.com\/es\/wp-json\/wp\/v2\/pages\/42990\/revisions"}],"up":[{"embeddable":true,"href":"https:\/\/thepatelfirm.com\/es\/wp-json\/wp\/v2\/pages\/42962"}],"wp:featuredmedia":[{"embeddable":true,"href":"https:\/\/thepatelfirm.com\/es\/wp-json\/wp\/v2\/media\/47775"}],"wp:attachment":[{"href":"https:\/\/thepatelfirm.com\/es\/wp-json\/wp\/v2\/media?parent=42990"}],"curies":[{"name":"wp","href":"https:\/\/api.w.org\/{rel}","templated":true}]}}