{"id":43002,"date":"2026-02-06T07:40:41","date_gmt":"2026-02-06T07:40:41","guid":{"rendered":"https:\/\/thepatelfirm.com\/?page_id=43002"},"modified":"2026-02-16T17:32:24","modified_gmt":"2026-02-16T17:32:24","slug":"accidentes-de-camiones","status":"publish","type":"page","link":"https:\/\/thepatelfirm.com\/es\/houston\/accidentes-de-camiones\/","title":{"rendered":"Abogado de accidentes de camiones en Houston"},"content":{"rendered":"<p>Los accidentes que involucran camiones comerciales de gran tama\u00f1o se encuentran entre los choques m\u00e1s peligrosos que ocurren en la I-45, la I-10, el Sam Houston Tollway y otras carreteras dentro y alrededor de Houston. Debido a una variedad de factores, tambi\u00e9n se encuentran entre los m\u00e1s complejos. Si usted sufri\u00f3 lesiones en un accidente con un tr\u00e1iler de 18 ruedas, un cami\u00f3n de carga pesada o un tractocami\u00f3n, puede tener derecho a presentar un reclamo por accidente de cami\u00f3n para solicitar una compensaci\u00f3n.<\/p>\n<p>Comun\u00edquese con The Patel Firm para una consulta gratuita y sin compromiso con uno de nuestros abogados de accidentes de camiones en Houston, con experiencia y trato compasivo. Revisaremos su situaci\u00f3n y le ayudaremos a explorar sus opciones para obtener la compensaci\u00f3n que necesita por gastos m\u00e9dicos, salarios perdidos, da\u00f1os a la propiedad y otras p\u00e9rdidas. Usted no paga nada para que comencemos, y no hay honorarios a menos que ganemos su caso.<\/p>\n<p>Por qu\u00e9 deber\u00eda contratar a un abogado en Houston para su reclamo por accidente de cami\u00f3n<\/p>\n<p>Contratar a un abogado de accidentes de camiones en Houston es la forma m\u00e1s eficaz de maximizar su compensaci\u00f3n y reducir el estr\u00e9s que implica tratar con un reclamo contra una aseguradora de transporte.<\/p>\n<p>Cuando usted contrata a nuestro despacho para manejar su caso de accidente con un tractocami\u00f3n, podemos llevar a cabo una investigaci\u00f3n exhaustiva para identificar a las partes responsables y reunir las pruebas necesarias para exigirles responsabilidad financiera. Nuestros abogados tambi\u00e9n pueden calcular el valor de su caso y negociar con las aseguradoras involucradas en su nombre para maximizar su compensaci\u00f3n por el accidente de cami\u00f3n.<\/p>\n<p>Cuando trabaja con nuestro bufete de abogados de accidentes de camiones, nunca ser\u00e1 tratado como un simple n\u00famero de caso. Enfatizamos la representaci\u00f3n personalizada y las relaciones cercanas con nuestros clientes porque creemos que este enfoque conduce a los mejores resultados. Le mantendremos informado sobre el estado de su caso y nuestros abogados siempre estar\u00e1n disponibles para responder a sus preguntas.<\/p>\n<p>Cont\u00e1ctenos hoy mismo para una revisi\u00f3n gratuita y completamente confidencial de su caso.<\/p>\n<h2>C\u00f3mo investigamos los casos de accidentes de camiones en Houston<\/h2>\n<p>Investigar un caso de accidente de cami\u00f3n en Houston implica recopilar diversos tipos de pruebas que vinculen a las partes responsables del incidente y demuestren la gravedad y el alcance de sus lesiones. Algunas de las pruebas m\u00e1s relevantes que reunimos durante nuestras investigaciones de reclamos por accidentes de camiones incluyen las siguientes:<\/p>\n<ul>\n<li>Fotograf\u00edas de la escena del accidente que muestren los da\u00f1os a su veh\u00edculo y las condiciones de la carretera en ese momento.<\/li>\n<li>Grabaciones de c\u00e1maras de tr\u00e1fico, de vigilancia o de tablero que muestren el accidente, sus consecuencias o los eventos inmediatamente anteriores.<\/li>\n<li>Declaraciones de testigos presenciales que corroboren su versi\u00f3n de los hechos o aporten informaci\u00f3n adicional desde la perspectiva de un tercero.<\/li>\n<li>Testimonios de testigos expertos, como profesionales m\u00e9dicos y especialistas en reconstrucci\u00f3n de accidentes.<\/li>\n<li>Registros de mantenimiento del cami\u00f3n, que detallen qu\u00e9 mantenimiento necesitaba el veh\u00edculo, si lo necesitaba y cu\u00e1ndo se realiz\u00f3.<\/li>\n<li>Registros de la caja negra del cami\u00f3n que indiquen si el conductor aplic\u00f3 los frenos antes del choque y a qu\u00e9 velocidad circulaba.<\/li>\n<\/ul>\n<h2>\u00bfQu\u00e9 compensaci\u00f3n puedo recuperar en un reclamo por un accidente de cami\u00f3n en Houston?<\/h2>\n<p>Un abogado de accidentes de camiones en Houston puede ayudarle a solicitar compensaci\u00f3n por diversas p\u00e9rdidas que usted haya sufrido a causa del accidente y de sus lesiones. En la mayor\u00eda de los casos, puede tener derecho a lo siguiente:<\/p>\n<ul>\n<li>Compensaci\u00f3n por gastos m\u00e9dicos, que cubra todas las cirug\u00edas pasadas y futuras, la terapia f\u00edsica y otros tratamientos relacionados con sus lesiones.<\/li>\n<li>Compensaci\u00f3n por salarios perdidos, que incluya tanto los ingresos que perdi\u00f3 mientras estuvo fuera del trabajo durante su recuperaci\u00f3n como los ingresos que perder\u00e1 en el futuro debido a c\u00f3mo sus lesiones afectan su capacidad para trabajar.<\/li>\n<li>Compensaci\u00f3n por dolor y sufrimiento, destinada a cubrir el dolor f\u00edsico que experimenta y el sufrimiento emocional que causan sus lesiones, como cuando le impiden participar en actividades que antes disfrutaba.<\/li>\n<li>Compensaci\u00f3n por discapacidad permanente, que debe cubrir los gastos relacionados con la adaptaci\u00f3n a sus discapacidades, como la necesidad de modificar su hogar o veh\u00edculo para que sean accesibles.<\/li>\n<li>Compensaci\u00f3n por da\u00f1os a la propiedad, que debe cubrir la reparaci\u00f3n o el reemplazo de su veh\u00edculo y de otros bienes que resultaron da\u00f1ados o se perdieron en el accidente.<\/li>\n<\/ul>\n<p>En los casos de accidentes de camiones mortales, los familiares sobrevivientes pueden solicitar una compensaci\u00f3n adicional mediante una demanda por muerte injusta.<\/p>\n<h2>\u00bfPor qu\u00e9 los accidentes de camiones son m\u00e1s complicados que otros choques de veh\u00edculos motorizados?<\/h2>\n<p>Los accidentes que involucran camiones de carga pesada son m\u00e1s complicados que otros choques de veh\u00edculos motorizados debido a la gravedad de las lesiones que causan, las partes involucradas y el papel que desempe\u00f1an las regulaciones federales del transporte de carga.<\/p>\n<h2>El impacto de las lesiones graves en los casos de accidentes de camiones<\/h2>\n<p>Las demandas por accidentes de camiones pueden tardar m\u00e1s tiempo en resolverse que otros casos de accidentes vehiculares, en parte porque suelen involucrar lesiones m\u00e1s graves, que con frecuencia requieren tratamientos m\u00e9dicos m\u00e1s costosos y per\u00edodos de recuperaci\u00f3n m\u00e1s prolongados.<\/p>\n<p>Cuando los tratamientos son m\u00e1s caros, las aseguradoras tienden a luchar con mayor intensidad para evitar pagarlos. Adem\u00e1s, usted debe esperar a resolver su caso hasta que sus lesiones hayan sanado lo m\u00e1s posible, para que no surjan gastos m\u00e9dicos inesperados despu\u00e9s de aceptar un acuerdo.<\/p>\n<p>C\u00f3mo la participaci\u00f3n de m\u00faltiples partes complica los accidentes de camiones<\/p>\n<p>Una de las principales causas de la complejidad en los casos de accidentes de camiones es la cantidad de partes involucradas. Puede haber varias personas lesionadas que busquen compensaci\u00f3n por el mismo accidente, as\u00ed como varias partes responsables que intenten trasladar la culpa entre s\u00ed para reducir su propia responsabilidad.<\/p>\n<p>En t\u00e9rminos generales, cuantas m\u00e1s partes est\u00e9n involucradas en un caso, m\u00e1s complejo ser\u00e1 y m\u00e1s tiempo tomar\u00e1 resolverlo. Sin embargo, tener m\u00faltiples partes responsables no siempre es algo negativo, ya que tambi\u00e9n puede facilitar la recuperaci\u00f3n de la compensaci\u00f3n total que usted necesita.<\/p>\n<h2>El papel de las regulaciones federales en los accidentes de camiones<\/h2>\n<p>Contar con un abogado que tenga un s\u00f3lido conocimiento de las regulaciones federales del transporte de carga para manejar su caso es esencial. Comprender las complejidades de estas regulaciones es clave para determinar la responsabilidad de las distintas partes.<\/p>\n<p>Dos de los conjuntos de regulaciones m\u00e1s importantes en muchos casos son las normas sobre <a href=\"https:\/\/www.fmcsa.dot.gov\/regulations\/hours-service\/summary-hours-service-regulations\"><u>horas de servicio<\/u><\/a>\u00a0y <a href=\"https:\/\/www.fmcsa.dot.gov\/regulations\/cargo-securement\/cargo-securement-rules\"><u>aseguramiento de la carga<\/u><\/a>. La Administraci\u00f3n Federal de Seguridad de Autotransportes (FMCSA, por sus siglas en ingl\u00e9s) hace cumplir estas regulaciones para proteger a los conductores de los peligros de manejar fatigados y de la carga mal asegurada.<\/p>\n<p>Adem\u00e1s, la FMCSA exige que todos los camiones comerciales cuenten con entre $300,000 y $5 millones en <a href=\"#:~:text=Back to Top-,Insurance Filing Requirements Chart,-Form\"><u>seguro de responsabilidad civil<\/u><\/a>, dependiendo del peso del cami\u00f3n y del tipo de carga que transporte.<\/p>\n<h2>\u00bfQui\u00e9n podr\u00eda ser considerado responsable de un accidente de cami\u00f3n en Houston?<\/h2>\n<p>Dependiendo de las circunstancias que rodearon el accidente, varias partes podr\u00edan ser consideradas responsables de sus lesiones por un accidente de cami\u00f3n en Houston, incluidas las siguientes:<\/p>\n<ul>\n<li>El conductor del cami\u00f3n<\/li>\n<li>La empresa de transporte<\/li>\n<li>El cargador de la mercanc\u00eda<\/li>\n<li>El fabricante del cami\u00f3n<\/li>\n<li>El proveedor de mantenimiento del cami\u00f3n<\/li>\n<li>La entidad gubernamental responsable del mantenimiento de las carreteras<\/li>\n<li>Otros automovilistas cuyas acciones contribuyeron al accidente<\/li>\n<\/ul>\n<h2>\u00bfPuedo recuperar una compensaci\u00f3n si soy parcialmente responsable de un accidente de cami\u00f3n?<\/h2>\n<p>Usted a\u00fan puede recuperar una compensaci\u00f3n si es parcialmente responsable de un accidente de cami\u00f3n en Houston. Esto se debe a que Texas sigue una forma de negligencia comparativa modificada llamada <a href=\"#:~:text=Sec. 33.001. PROPORTIONATE RESPONSIBILITY. In an action to which this chapter applies, a claimant may not recover damages if his percentage of responsibility is greater than 50 percent.\"><u>responsabilidad proporcional<\/u><\/a>.<\/p>\n<p>Bajo esta ley, siempre que usted tenga menos del 51% de la culpa del accidente, puede recuperar una compensaci\u00f3n mediante una sentencia judicial. Sin embargo, su compensaci\u00f3n se reducir\u00e1 seg\u00fan el porcentaje de culpa que se le asigne.<\/p>\n<p>Por ejemplo, si se determina que usted es responsable en un 30% del choque y la indemnizaci\u00f3n otorgada por el jurado es de $100,000, su compensaci\u00f3n se reducir\u00e1 en un 30%, para un total de $70,000.<\/p>\n<p>En The Patel Firm, nuestro equipo sabe c\u00f3mo proteger los derechos de los automovilistas y evitar que las aseguradoras trasladen injustamente la culpa o minimicen la compensaci\u00f3n despu\u00e9s de un accidente de cami\u00f3n.<\/p>\n<p><strong><b>\u00bfCu\u00e1nto tiempo tengo para presentar una demanda por accidente de cami\u00f3n en Texas?<\/b><\/strong><\/p>\n<p>El <a href=\"https:\/\/statutes.capitol.texas.gov\/docs\/cp\/htm\/cp.16.htm\"><u>estatuto de limitaciones<\/u><\/a>\u00a0para presentar una demanda por accidente de cami\u00f3n en Texas otorga a las v\u00edctimas dos a\u00f1os a partir de la fecha del incidente. Usted debe presentar su demanda contra las partes responsables dentro de este per\u00edodo o corre el riesgo de que los tribunales le impidan recuperar una compensaci\u00f3n.<\/p>\n<p>Un abogado con experiencia en accidentes de camiones puede presentar su reclamo dentro del plazo legal en su nombre y encargarse del resto de su caso, para que no tenga que preocuparse por nada.<\/p>\n<h2>\u00bfCu\u00e1les son los tipos y causas m\u00e1s comunes de accidentes de camiones en Houston?<\/h2>\n<p>Algunos de los tipos de accidentes de camiones m\u00e1s comunes que se observan en la I-610, la Ruta 59 de EE. UU., Westheimer Road y otras v\u00edas de Houston incluyen los siguientes:<\/p>\n<ul>\n<li>Accidentes de efecto tijera: ocurren cuando el conductor del cami\u00f3n frena bruscamente a altas velocidades o sobre superficies resbaladizas o heladas, lo que provoca que el remolque se desplace hacia un lado junto a la cabina.<\/li>\n<li>Accidentes por volcadura: ocurren cuando un cami\u00f3n se vuelca sobre su costado y suelen ser causados por exceso de velocidad en curvas o por carga mal asegurada.<\/li>\n<li>Accidentes por empotramiento: cuando los camiones no ceden el derecho de paso y giran frente al tr\u00e1fico que se aproxima, los veh\u00edculos m\u00e1s peque\u00f1os pueden quedar atrapados debajo del remolque.<\/li>\n<li>Choques frontales: conductores de camiones fatigados, bajo los efectos de una sustancia o distra\u00eddos, pueden cruzar la l\u00ednea divisoria entre carriles y chocar de frente con otro veh\u00edculo.<\/li>\n<li>Choques por alcance: los camiones que circulan a exceso de velocidad o sobrecargados tardan m\u00e1s en detenerse por completo, lo que aumenta el riesgo de un choque trasero.<\/li>\n<li>Ca\u00edda de carga: la carga que no ha sido asegurada correctamente puede caer de la parte trasera del remolque y golpear a otro veh\u00edculo.<\/li>\n<\/ul>\n<h2>\u00bfCu\u00e1les son las lesiones t\u00edpicas que resultan de una colisi\u00f3n con un cami\u00f3n?<\/h2>\n<p>Los choques con camiones causan una amplia variedad de lesiones graves, algunas de las cuales pueden ser mortales. Las lesiones t\u00edpicas que resultan de estos choques incluyen las siguientes:<\/p>\n<ul>\n<li>Traumatismo cerebral, que puede dejar a las v\u00edctimas con discapacidades cognitivas y f\u00edsicas permanentes.<\/li>\n<li>Lesiones de la m\u00e9dula espinal, que pueden provocar dolor cr\u00f3nico, movilidad reducida y par\u00e1lisis.<\/li>\n<li>Lesiones por aplastamiento, que podr\u00edan requerir amputaci\u00f3n, dependiendo del da\u00f1o sufrido en la extremidad.<\/li>\n<li>Fracturas \u00f3seas, que pueden requerir cirug\u00eda para sanar adecuadamente.<\/li>\n<li>Da\u00f1os a \u00f3rganos internos, que pueden ser mortales si no se recibe atenci\u00f3n m\u00e9dica inmediata.<\/li>\n<\/ul>\n<h2>Comun\u00edquese hoy mismo con un abogado de accidentes de camiones en Houston<\/h2>\n<p>Si usted sufri\u00f3 una lesi\u00f3n en un accidente de cami\u00f3n en Houston, necesita un abogado que se enfrente a las aseguradoras de la industria del transporte y luche por su derecho a una compensaci\u00f3n justa.<\/p>\n<p>En The Patel Firm, nuestros abogados de accidentes de camiones en Houston cuentan con un s\u00f3lido historial de \u00e9xito para nuestros clientes que han sido v\u00edctimas de accidentes en todo Texas. Estamos disponibles las 24 horas del d\u00eda, los 7 d\u00edas de la semana, para hablar sobre su caso y respondemos con prontitud a llamadas, mensajes y correos electr\u00f3nicos. Usted puede dejarlo todo en nuestras manos mientras se enfoca en su recuperaci\u00f3n.<\/p>\n<p>Comun\u00edquese con The Patel Firm hoy mismo para hablar con un abogado con experiencia en accidentes de cami\u00f3n y dar el siguiente paso hacia su recuperaci\u00f3n. Su evaluaci\u00f3n inicial del caso es gratuita y completamente confidencial, y nunca cobramos honorarios a menos que recuperemos una compensaci\u00f3n para usted.<\/p>\n","protected":false},"excerpt":{"rendered":"<p>Los accidentes que involucran camiones comerciales de gran tama\u00f1o se encuentran entre los choques m\u00e1s peligrosos que ocurren en la I-45, la I-10, el Sam Houston Tollway y otras carreteras dentro y alrededor de Houston. Debido a una variedad de factores, tambi\u00e9n se encuentran entre los m\u00e1s complejos. Si usted sufri\u00f3 lesiones en un accidente [&hellip;]<\/p>\n","protected":false},"author":6,"featured_media":47765,"parent":42962,"menu_order":6,"comment_status":"closed","ping_status":"closed","template":"","meta":{"_acf_changed":false,"footnotes":""},"class_list":["post-43002","page","type-page","status-publish","has-post-thumbnail","hentry"],"acf":[],"yoast_head":"<!-- This site is optimized with the Yoast SEO plugin v27.3 - https:\/\/yoast.com\/product\/yoast-seo-wordpress\/ -->\n<title>Abogado de accidentes de camiones en Houston<\/title>\n<meta name=\"description\" content=\"\u00bfSufri\u00f3 un accidente de cami\u00f3n en Houston? Descubra c\u00f3mo funcionan estos casos, qu\u00e9 compensaci\u00f3n puede reclamar y cu\u00e1ndo presentar su demanda.\" \/>\n<meta name=\"robots\" content=\"index, follow, max-snippet:-1, max-image-preview:large, max-video-preview:-1\" \/>\n<link rel=\"canonical\" href=\"https:\/\/thepatelfirm.com\/es\/houston\/accidentes-de-camiones\/\" \/>\n<meta property=\"og:locale\" content=\"es_ES\" \/>\n<meta property=\"og:type\" content=\"article\" \/>\n<meta property=\"og:title\" content=\"Abogado de accidentes de camiones en Houston\" \/>\n<meta property=\"og:description\" content=\"\u00bfSufri\u00f3 un accidente de cami\u00f3n en Houston? Descubra c\u00f3mo funcionan estos casos, qu\u00e9 compensaci\u00f3n puede reclamar y cu\u00e1ndo presentar su demanda.\" \/>\n<meta property=\"og:url\" content=\"https:\/\/thepatelfirm.com\/es\/houston\/accidentes-de-camiones\/\" \/>\n<meta property=\"og:site_name\" content=\"thepatelfirm.com Managed WordPress Site\" \/>\n<meta property=\"article:publisher\" content=\"https:\/\/www.facebook.com\/thepatelfirmpllc\/\" \/>\n<meta property=\"article:modified_time\" content=\"2026-02-16T17:32:24+00:00\" \/>\n<meta property=\"og:image\" content=\"https:\/\/thepatelfirm.com\/wp-content\/uploads\/2026\/02\/Truck-Accidents-Houston.png\" \/>\n\t<meta property=\"og:image:width\" content=\"810\" \/>\n\t<meta property=\"og:image:height\" content=\"330\" \/>\n\t<meta property=\"og:image:type\" content=\"image\/png\" \/>\n<meta name=\"twitter:card\" content=\"summary_large_image\" \/>\n<meta name=\"twitter:site\" content=\"@ThePatelLawFirm\" \/>\n<meta name=\"twitter:label1\" content=\"Tiempo de lectura\" \/>\n\t<meta name=\"twitter:data1\" content=\"9 minutos\" \/>\n<!-- \/ Yoast SEO plugin. -->","yoast_head_json":{"title":"Abogado de accidentes de camiones en Houston","description":"\u00bfSufri\u00f3 un accidente de cami\u00f3n en Houston? Descubra c\u00f3mo funcionan estos casos, qu\u00e9 compensaci\u00f3n puede reclamar y cu\u00e1ndo presentar su demanda.","robots":{"index":"index","follow":"follow","max-snippet":"max-snippet:-1","max-image-preview":"max-image-preview:large","max-video-preview":"max-video-preview:-1"},"canonical":"https:\/\/thepatelfirm.com\/es\/houston\/accidentes-de-camiones\/","og_locale":"es_ES","og_type":"article","og_title":"Abogado de accidentes de camiones en Houston","og_description":"\u00bfSufri\u00f3 un accidente de cami\u00f3n en Houston? Descubra c\u00f3mo funcionan estos casos, qu\u00e9 compensaci\u00f3n puede reclamar y cu\u00e1ndo presentar su demanda.","og_url":"https:\/\/thepatelfirm.com\/es\/houston\/accidentes-de-camiones\/","og_site_name":"thepatelfirm.com Managed WordPress Site","article_publisher":"https:\/\/www.facebook.com\/thepatelfirmpllc\/","article_modified_time":"2026-02-16T17:32:24+00:00","og_image":[{"width":810,"height":330,"url":"https:\/\/thepatelfirm.com\/wp-content\/uploads\/2026\/02\/Truck-Accidents-Houston.png","type":"image\/png"}],"twitter_card":"summary_large_image","twitter_site":"@ThePatelLawFirm","twitter_misc":{"Tiempo de lectura":"9 minutos"},"schema":{"@context":"https:\/\/schema.org","@graph":[{"@type":"WebPage","@id":"https:\/\/thepatelfirm.com\/es\/houston\/accidentes-de-camiones\/","url":"https:\/\/thepatelfirm.com\/es\/houston\/accidentes-de-camiones\/","name":"Abogado de accidentes de camiones en Houston","isPartOf":{"@id":"https:\/\/thepatelfirm.com\/es\/#website"},"primaryImageOfPage":{"@id":"https:\/\/thepatelfirm.com\/es\/houston\/accidentes-de-camiones\/#primaryimage"},"image":{"@id":"https:\/\/thepatelfirm.com\/es\/houston\/accidentes-de-camiones\/#primaryimage"},"thumbnailUrl":"https:\/\/thepatelfirm.com\/wp-content\/uploads\/2026\/02\/Truck-Accidents-Houston.png","datePublished":"2026-02-06T07:40:41+00:00","dateModified":"2026-02-16T17:32:24+00:00","description":"\u00bfSufri\u00f3 un accidente de cami\u00f3n en Houston? Descubra c\u00f3mo funcionan estos casos, qu\u00e9 compensaci\u00f3n puede reclamar y cu\u00e1ndo presentar su demanda.","breadcrumb":{"@id":"https:\/\/thepatelfirm.com\/es\/houston\/accidentes-de-camiones\/#breadcrumb"},"inLanguage":"es","potentialAction":[{"@type":"ReadAction","target":["https:\/\/thepatelfirm.com\/es\/houston\/accidentes-de-camiones\/"]}]},{"@type":"ImageObject","inLanguage":"es","@id":"https:\/\/thepatelfirm.com\/es\/houston\/accidentes-de-camiones\/#primaryimage","url":"https:\/\/thepatelfirm.com\/wp-content\/uploads\/2026\/02\/Truck-Accidents-Houston.png","contentUrl":"https:\/\/thepatelfirm.com\/wp-content\/uploads\/2026\/02\/Truck-Accidents-Houston.png","width":810,"height":330},{"@type":"BreadcrumbList","@id":"https:\/\/thepatelfirm.com\/es\/houston\/accidentes-de-camiones\/#breadcrumb","itemListElement":[{"@type":"ListItem","position":1,"name":"","item":"https:\/\/thepatelfirm.com\/es\/"},{"@type":"ListItem","position":2,"name":"Abogado de lesiones personales en Houston","item":"https:\/\/thepatelfirm.com\/es\/houston\/"},{"@type":"ListItem","position":3,"name":"Abogado de accidentes de camiones en Houston"}]},{"@type":"WebSite","@id":"https:\/\/thepatelfirm.com\/es\/#website","url":"https:\/\/thepatelfirm.com\/es\/","name":"The Patel Firm","description":"","publisher":{"@id":"https:\/\/thepatelfirm.com\/es\/#organization"},"potentialAction":[{"@type":"SearchAction","target":{"@type":"EntryPoint","urlTemplate":"https:\/\/thepatelfirm.com\/es\/?s={search_term_string}"},"query-input":{"@type":"PropertyValueSpecification","valueRequired":true,"valueName":"search_term_string"}}],"inLanguage":"es"},{"@type":"Organization","@id":"https:\/\/thepatelfirm.com\/es\/#organization","name":"The Patel Firm","url":"https:\/\/thepatelfirm.com\/es\/","logo":{"@type":"ImageObject","inLanguage":"es","@id":"https:\/\/thepatelfirm.com\/es\/#\/schema\/logo\/image\/","url":"https:\/\/thepatelfirm.com\/wp-content\/uploads\/2026\/01\/logo-header.svg","contentUrl":"https:\/\/thepatelfirm.com\/wp-content\/uploads\/2026\/01\/logo-header.svg","width":1,"height":1,"caption":"The Patel Firm"},"image":{"@id":"https:\/\/thepatelfirm.com\/es\/#\/schema\/logo\/image\/"},"sameAs":["https:\/\/www.facebook.com\/thepatelfirmpllc\/","https:\/\/x.com\/ThePatelLawFirm","https:\/\/www.instagram.com\/thepatellawfirm\/","https:\/\/www.linkedin.com\/company\/the-patel-firm-pllc","https:\/\/www.youtube.com\/channel\/UCftZ8j9wF-HsOsFYtd8HDog"]}]}},"_links":{"self":[{"href":"https:\/\/thepatelfirm.com\/es\/wp-json\/wp\/v2\/pages\/43002","targetHints":{"allow":["GET"]}}],"collection":[{"href":"https:\/\/thepatelfirm.com\/es\/wp-json\/wp\/v2\/pages"}],"about":[{"href":"https:\/\/thepatelfirm.com\/es\/wp-json\/wp\/v2\/types\/page"}],"author":[{"embeddable":true,"href":"https:\/\/thepatelfirm.com\/es\/wp-json\/wp\/v2\/users\/6"}],"replies":[{"embeddable":true,"href":"https:\/\/thepatelfirm.com\/es\/wp-json\/wp\/v2\/comments?post=43002"}],"version-history":[{"count":0,"href":"https:\/\/thepatelfirm.com\/es\/wp-json\/wp\/v2\/pages\/43002\/revisions"}],"up":[{"embeddable":true,"href":"https:\/\/thepatelfirm.com\/es\/wp-json\/wp\/v2\/pages\/42962"}],"wp:featuredmedia":[{"embeddable":true,"href":"https:\/\/thepatelfirm.com\/es\/wp-json\/wp\/v2\/media\/47765"}],"wp:attachment":[{"href":"https:\/\/thepatelfirm.com\/es\/wp-json\/wp\/v2\/media?parent=43002"}],"curies":[{"name":"wp","href":"https:\/\/api.w.org\/{rel}","templated":true}]}}