{"id":43014,"date":"2026-02-06T07:41:29","date_gmt":"2026-02-06T07:41:29","guid":{"rendered":"https:\/\/thepatelfirm.com\/?page_id=43014"},"modified":"2026-02-16T17:32:50","modified_gmt":"2026-02-16T17:32:50","slug":"abogado-de-muerte","status":"publish","type":"page","link":"https:\/\/thepatelfirm.com\/es\/houston\/abogado-de-muerte\/","title":{"rendered":"Abogado de Muerte por Negligencia en Houston"},"content":{"rendered":"<p>Perder a un ser querido es uno de los eventos m\u00e1s devastadores emocionalmente que cualquier persona puede experimentar. Sin embargo, el duelo puede convertirse r\u00e1pidamente en una indignaci\u00f3n leg\u00edtima cuando esa p\u00e9rdida es el resultado de las acciones negligentes, temerarias o deliberadas de otra persona. Si esto le ha sucedido, usted y su ser querido merecen m\u00e1s que justicia. Merecen la seguridad financiera para reconstruir su vida y prepararse para el futuro. Una demanda por muerte injusta puede proporcionarle ambas cosas.<\/p>\n<p>En The Patel Firm, nuestros abogados de muerte injusta en Houston ayudan a las familias a encontrar respuestas, exigir responsabilidad a los culpables y asegurar un alivio financiero. Estamos disponibles las 24 horas del d\u00eda, los 7 d\u00edas de la semana, respondemos con rapidez a llamadas y mensajes, y brindamos una representaci\u00f3n s\u00f3lida pero compasiva. Cada cliente recibe atenci\u00f3n personal; nunca tratamos a nuestros clientes como \u201csolo un n\u00famero de expediente\u201d.<\/p>\n<p>Si se encuentra en esta circunstancia desgarradora, llame a nuestra oficina hoy mismo para una consulta gratuita y compasiva con un abogado de muerte injusta en Houston. La evaluaci\u00f3n de su caso es gratuita y sin compromiso, y usted no pagar\u00e1 nada a menos que ganemos su caso.<\/p>\n<h2>\u00bfC\u00f3mo puede ayudarme a m\u00ed y a mi familia un abogado de muerte injusta en Houston?<\/h2>\n<p>Cuando alguien fallece porque otra persona o empresa fue negligente, temeraria o cre\u00f3 una situaci\u00f3n insegura, puede considerarse un caso de muerte injusta. Estos reclamos ayudan a las familias a encontrar justicia y apoyo financiero tras perder a un ser querido.<\/p>\n<p>En The Patel Firm, un abogado de muerte injusta en Houston puede explicarle sus derechos, guiarle a trav\u00e9s del proceso legal y realizar lo siguiente por usted y su familia:<\/p>\n<ul>\n<li><strong><b>Investigar la causa de la muerte y recopilar pruebas clave<\/b><\/strong>: su abogado examinar\u00e1 minuciosamente los informes de accidentes, declaraciones de testigos, registros m\u00e9dicos y opiniones de expertos para determinar con exactitud c\u00f3mo ocurri\u00f3 el incidente fatal y construir una base s\u00f3lida para su caso.<\/li>\n<li><strong><b>Identificar a las partes responsables y evaluar la cobertura de seguro:<\/b><\/strong>\u00a0identificaremos a cada individuo o entidad que pueda ser responsable (ya sea un conductor, empleador, fabricante o propietario de una vivienda) y determinaremos qu\u00e9 p\u00f3lizas de seguro aplican para maximizar su recuperaci\u00f3n potencial.<\/li>\n<li><strong><b>Gestionar toda la comunicaci\u00f3n con aseguradoras y abogados contrarios:<\/b><\/strong>\u00a0desde el primer d\u00eda, su abogado gestionar\u00e1 cada llamada, correo electr\u00f3nico y carta relacionada con su <strong><b>reclamo por muerte injusta<\/b><\/strong>, protegiendo a su familia de las t\u00e1cticas estresantes o manipuladoras utilizadas por las aseguradoras.<\/li>\n<li><strong><b>Calcular una compensaci\u00f3n justa por las p\u00e9rdidas de su familia:<\/b><\/strong>\u00a0la firma evaluar\u00e1 con cuidado todas sus p\u00e9rdidas relacionadas con el accidente, incluyendo la p\u00e9rdida de ingresos, gastos m\u00e9dicos, costos funerarios y el sufrimiento emocional que su familia ha soportado.<\/li>\n<li><strong><b>Presentar su reclamo y representarle en negociaciones o juicio:<\/b><\/strong>\u00a0su abogado prepara y presenta todos los documentos legales necesarios, negocia para obtener un acuerdo justo y, si es necesario, lucha por la justicia en los tribunales para asegurar el mejor resultado para su familia.<\/li>\n<\/ul>\n<p>Manejamos cada caso con compasi\u00f3n y sentido de urgencia. Aunque ninguna cantidad de dinero puede compensar su p\u00e9rdida, la recuperaci\u00f3n financiera puede ayudar a aliviar la carga de los familiares sobrevivientes que son beneficiarios de muerte injusta en Texas. Las familias conf\u00edan en nosotros para buscar justicia con empat\u00eda y respeto.<\/p>\n<p>Cont\u00e1ctenos hoy mismo para hablar con un abogado calificado en casos de muerte por negligencia en Houston. La revisi\u00f3n de su caso es gratuita y totalmente confidencial.<\/p>\n<p><strong><b>\u00bfQu\u00e9 compensaci\u00f3n podr\u00eda recuperar en un reclamo por muerte injusta?<\/b><\/strong><\/p>\n<p>En Texas, las familias pueden reclamar una compensaci\u00f3n por muerte injusta, tanto por p\u00e9rdidas financieras como emocionales. Estos reclamos reconocen el profundo impacto de perder a un ser querido, abordando no solo la carga financiera, sino tambi\u00e9n el vac\u00edo emocional que deja atr\u00e1s. Un abogado de Texas especializado en casos de muerte por negligencia puede reclamar da\u00f1os y perjuicios por lo siguiente:<\/p>\n<ul>\n<li>P\u00e9rdida de ingresos y beneficios que su ser querido habr\u00eda proporcionado.<\/li>\n<li>Gastos funerarios y de sepelio.<\/li>\n<li>Facturas m\u00e9dicas relacionadas con la lesi\u00f3n o enfermedad fatal.<\/li>\n<li>P\u00e9rdida de compa\u00f1\u00eda, amor y gu\u00eda.<\/li>\n<li>Angustia emocional y sufrimiento mental.<\/li>\n<\/ul>\n<p>El valor de una demanda por muerte injusta depende de varios factores, entre ellos la edad de la v\u00edctima, su estado de salud, su potencial de ingresos y sus relaciones familiares. Nuestro bufete de abogados especializado en casos de muerte injusta colabora con expertos financieros e investigadores competentes para documentar meticulosamente cada p\u00e9rdida. Nuestro objetivo es obtener una compensaci\u00f3n que refleje el costo real del sufrimiento de su familia y ayude a restablecer una sensaci\u00f3n de estabilidad, al tiempo que se responsabiliza a las partes culpables.<\/p>\n<h2>\u00bfC\u00f3mo se pagan los acuerdos por muerte injusta?<\/h2>\n<p>Muchas familias se preguntan: \u201c\u00bfC\u00f3mo se pagan los acuerdos por muerte injusta?\u201d.\u00a0 En la mayor\u00eda de los casos, la compensaci\u00f3n se proporciona a trav\u00e9s de un acuerdo de seguro o una sentencia judicial.\u00a0 Los pagos pueden realizarse en una \u00fanica suma global o estructurarse en cuotas a lo largo del tiempo, dependiendo de las circunstancias y las preferencias familiares.<\/p>\n<p>En Texas, los acuerdos por muerte injusta suelen dividirse entre los beneficiarios legales, que generalmente son el c\u00f3nyuge sobreviviente, los hijos y los padres. Si la familia no llega a un acuerdo sobre la divisi\u00f3n de los fondos, un juez puede decidir la parte de cada persona bas\u00e1ndose en la relaci\u00f3n y el nivel de dependencia econ\u00f3mica con el fallecido.<\/p>\n<p>Un abogado especializado en casos de muerte injusta de The Patel Firm, con sede en Houston, le explicar\u00e1 c\u00f3mo se dividir\u00e1 y pagar\u00e1 cualquier acuerdo. Asistimos a las familias en cada etapa del proceso, desde la presentaci\u00f3n del reclamo hasta la garant\u00eda de una distribuci\u00f3n adecuada, para que puedan concentrarse en la curaci\u00f3n mientras nosotros nos encargamos de los detalles legales y financieros.<\/p>\n<h2>\u00bfQu\u00e9 debo probar en un caso de muerte injusta?<\/h2>\n<p>Para tener \u00e9xito en una demanda por muerte injusta, debe probar que la negligencia, falta o acto intencional de otra persona caus\u00f3 la muerte de su ser querido. Bajo la ley de Texas, esto implica establecer cuatro elementos clave:<\/p>\n<ul>\n<li><strong><b>Deber de cuidado:<\/b><\/strong>\u00a0la parte responsable ten\u00eda la obligaci\u00f3n legal de actuar de una manera que no da\u00f1ara a otros.<\/li>\n<li><strong><b>Incumplimiento del deber:<\/b><\/strong>\u00a0no cumplieron con esa responsabilidad.<\/li>\n<li><strong><b>Causalidad: <\/b><\/strong>sus acciones u omisiones causaron directamente la muerte.<\/li>\n<li><strong><b>P\u00e9rdidas:<\/b><\/strong>\u00a0la familia sufri\u00f3 da\u00f1os financieros y emocionales cuantificables.<\/li>\n<\/ul>\n<p>Nuestros abogados de Houston especializados en casos de muerte injusta recopilan pruebas cruciales, incluyendo informes policiales, opiniones de expertos, historiales m\u00e9dicos y declaraciones de testigos, para construir un caso s\u00f3lido y persuasivo. Nos enfocamos en descubrir toda la verdad, independientemente de la complejidad de las circunstancias.<\/p>\n<p>Mediante una cuidadosa preparaci\u00f3n y una defensa estrat\u00e9gica, muchas familias texanas han logrado justicia, rendici\u00f3n de cuentas y una sensaci\u00f3n de cierre tras experimentar p\u00e9rdidas devastadoras.<\/p>\n<h2>\u00bfQui\u00e9n puede presentar una demanda por muerte injusta en Texas?<\/h2>\n<p>No todas las personas son elegibles para presentar una <a href=\"https:\/\/statutes.capitol.texas.gov\/docs\/cp\/htm\/cp.71.htm\"><u>demanda por muerte injusta<\/u><\/a>\u00a0en Texas. De acuerdo con el estatuto de muerte injusta de Texas, solo ciertos parientes son reconocidos como beneficiarios legales. Estos incluyen:<\/p>\n<ul>\n<li>El c\u00f3nyuge sobreviviente<\/li>\n<li>Hijos biol\u00f3gicos o legalmente adoptados<\/li>\n<li>Padres del fallecido<\/li>\n<\/ul>\n<p>Si estos miembros de la familia no presentan un reclamo dentro de los tres meses posteriores al fallecimiento, el albacea o representante personal del patrimonio (estate) puede interponer la demanda en nombre de la familia. Generalmente, los hermanos y abuelos no pueden presentarla a menos que sean los representantes legales del patrimonio.<\/p>\n<p>Cualquier compensaci\u00f3n recuperada en un caso de muerte injusta se comparte entre los beneficiarios elegibles, generalmente en funci\u00f3n de su relaci\u00f3n con la v\u00edctima y el grado de p\u00e9rdida que experimentaron.<\/p>\n<p>Nuestros abogados le explicar\u00e1n sus derechos, determinar\u00e1n su elegibilidad para presentar un reclamo y guiar\u00e1n a su familia a trav\u00e9s de cada etapa del proceso con compasi\u00f3n y claridad.<\/p>\n<h2>\u00bfDe cu\u00e1nto tiempo dispongo para presentar la demanda?<\/h2>\n<p>El plazo de prescripci\u00f3n de la ley de Texas sobre muerte injusta otorga a las familias un plazo limitado para emprender acciones legales. En la mayor\u00eda de los casos, dispone de <a href=\"https:\/\/statutes.capitol.texas.gov\/docs\/cp\/htm\/cp.16.htm\"><u>dos a\u00f1os a partir de la fecha del fallecimiento<\/u><\/a>\u00a0para presentar una demanda por homicidio culposo. El incumplimiento de este plazo puede impedirle permanentemente reclamar una compensaci\u00f3n ante los tribunales, por muy s\u00f3lido que sea su caso.<\/p>\n<p>Ciertas excepciones pueden extender el plazo de presentaci\u00f3n, como cuando la v\u00edctima era menor de edad o cuando la causa de la muerte no se conoci\u00f3 de inmediato. Sin embargo, actuar con rapidez siempre redundar\u00e1 en su beneficio. Con el tiempo, pruebas cruciales pueden desaparecer, los testigos pueden ser dif\u00edciles de localizar y las aseguradoras a menudo emplean t\u00e1cticas dilatorias para minimizar los pagos.<\/p>\n<p>Un abogado de muerte por negligencia en Houston de The Patel Firm puede asegurar que su reclamo se presente correctamente y a tiempo. Lucharemos por la compensaci\u00f3n que usted merece. Responderemos a sus preguntas, gestionaremos cada detalle legal y guiaremos a su familia a trav\u00e9s de este desafiante proceso con confianza y cuidado.<\/p>\n<h2>\u00bfCu\u00e1les son los casos m\u00e1s comunes de muerte por negligencia?<\/h2>\n<p>Un reclamo por muerte por negligencia puede surgir de muchas situaciones tr\u00e1gicas. Estos casos pueden ser complejos y emocionalmente desafiantes, lo que a menudo requiere una investigaci\u00f3n exhaustiva y una acci\u00f3n legal s\u00f3lida. Las causas comunes incluyen las siguientes:<\/p>\n<ul>\n<li><strong><b>Accidentes de auto:<\/b><\/strong>\u00a0estos casos tr\u00e1gicos a menudo involucran a conductores ebrios, distra\u00eddos o con exceso de velocidad, cuya negligencia provoca colisiones fatales. Nuestros abogados investigan cada detalle para que el conductor responsable rinda cuentas.<\/li>\n<li><strong><b>Choques de camiones y veh\u00edculos comerciales:<\/b><\/strong>\u00a0los camiones de gran tama\u00f1o pueden causar da\u00f1os devastadores cuando los conductores est\u00e1n fatigados, los veh\u00edculos carecen de un mantenimiento adecuado o la carga sobrepasa el l\u00edmite permitido. Trabajamos para descubrir violaciones a las normas de seguridad y negligencias por parte de la empresa.<\/li>\n<li><strong><b>Accidentes laborales:<\/b><\/strong>\u00a0las lesiones fatales ocurren con frecuencia en empleos de alto riesgo, tales como la construcci\u00f3n, campos petroleros y sitios industriales. Los empleadores y terceros pueden ser responsables por condiciones inseguras o fallas en los equipos.<\/li>\n<li><strong><b>Negligencia m\u00e9dica:<\/b><\/strong>\u00a0Cuando m\u00e9dicos, enfermeros o centros de atenci\u00f3n m\u00e9dica cometen errores prevenibles tales como errores quir\u00fargicos, diagn\u00f3sticos err\u00f3neos o confusiones en la medicaci\u00f3n, los resultados pueden ser mortales. Estos casos exigen una revisi\u00f3n legal y m\u00e9dica especializada.<\/li>\n<li><strong><b>Productos defectuosos:<\/b><\/strong>\u00a0los fabricantes pueden ser considerados responsables cuando maquinaria defectuosa, veh\u00edculos o productos de consumo cotidiano causan lesiones fatales.<\/li>\n<li><strong><b>Responsabilidad de los locales:<\/b><\/strong>\u00a0los propietarios de bienes ra\u00edces tienen la responsabilidad de mantener condiciones seguras en sus instalaciones. Los accidentes fatales pueden derivarse de pasillos inseguros, iluminaci\u00f3n deficiente o medidas de seguridad inadecuadas.<\/li>\n<\/ul>\n<p>Cada caso de muerte injusta es \u00fanico. Nuestros abogados de muerte injusta en Houston investigan cada detalle para identificar a todas las partes responsables y hacer que rindan cuentas. Abordamos la historia de cada familia con empat\u00eda, dedicaci\u00f3n y precisi\u00f3n, enfoc\u00e1ndonos siempre en la justicia.<\/p>\n<h2>Comun\u00edquese con un abogado de muerte injusta en Houston hoy mismo<\/h2>\n<p>Si su familia ha perdido a un ser querido debido a las acciones de otra persona, no tiene que enfrentar el proceso legal a solas. The Patel Firm est\u00e1 dispuesta a ayudarle. Responderemos a sus preguntas, escucharemos sus inquietudes y comenzaremos a construir su caso de inmediato. Nuestros abogados responden con prontitud a las llamadas, mensajes y correos electr\u00f3nicos porque la tranquilidad de su familia es nuestra m\u00e1xima prioridad.<\/p>\n<p>Nuestro equipo se ha ganado una s\u00f3lida reputaci\u00f3n en todo Texas por abogar en nombre de las v\u00edctimas de accidentes y sus familias. Combinamos la firmeza con la compasi\u00f3n, brindando una representaci\u00f3n personalizada y una comunicaci\u00f3n honesta durante todo el proceso.<\/p>\n<p>Usted merece abogados que traten a su familia con cuidado, respeto y determinaci\u00f3n, y que luchen por el legado de su ser querido mientras le ayudan a seguir adelante con confianza. Cont\u00e1ctenos hoy mismo para discutir sus pr\u00f3ximos pasos con un abogado con experiencia en muerte injusta en Houston. Su consulta inicial es gratuita y plenamente confidencial, y no recibimos honorarios a menos que recuperemos una compensaci\u00f3n para su familia.<\/p>\n","protected":false},"excerpt":{"rendered":"<p>Perder a un ser querido es uno de los eventos m\u00e1s devastadores emocionalmente que cualquier persona puede experimentar. Sin embargo, el duelo puede convertirse r\u00e1pidamente en una indignaci\u00f3n leg\u00edtima cuando esa p\u00e9rdida es el resultado de las acciones negligentes, temerarias o deliberadas de otra persona. Si esto le ha sucedido, usted y su ser querido [&hellip;]<\/p>\n","protected":false},"author":6,"featured_media":47754,"parent":42962,"menu_order":8,"comment_status":"closed","ping_status":"closed","template":"","meta":{"_acf_changed":false,"footnotes":""},"class_list":["post-43014","page","type-page","status-publish","has-post-thumbnail","hentry"],"acf":[],"yoast_head":"<!-- This site is optimized with the Yoast SEO plugin v27.3 - https:\/\/yoast.com\/product\/yoast-seo-wordpress\/ -->\n<title>Abogado de Muerte por Negligencia en Houston<\/title>\n<meta name=\"description\" content=\"Abogado de Muerte por Negligencia en Houston\" \/>\n<meta name=\"robots\" content=\"index, follow, max-snippet:-1, max-image-preview:large, max-video-preview:-1\" \/>\n<link rel=\"canonical\" href=\"https:\/\/thepatelfirm.com\/es\/houston\/abogado-de-muerte\/\" \/>\n<meta property=\"og:locale\" content=\"es_ES\" \/>\n<meta property=\"og:type\" content=\"article\" \/>\n<meta property=\"og:title\" content=\"Abogado de Muerte por Negligencia en Houston\" \/>\n<meta property=\"og:description\" content=\"Abogado de Muerte por Negligencia en Houston\" \/>\n<meta property=\"og:url\" content=\"https:\/\/thepatelfirm.com\/es\/houston\/abogado-de-muerte\/\" \/>\n<meta property=\"og:site_name\" content=\"thepatelfirm.com Managed WordPress Site\" \/>\n<meta property=\"article:publisher\" content=\"https:\/\/www.facebook.com\/thepatelfirmpllc\/\" \/>\n<meta property=\"article:modified_time\" content=\"2026-02-16T17:32:50+00:00\" \/>\n<meta property=\"og:image\" content=\"https:\/\/thepatelfirm.com\/wp-content\/uploads\/2026\/02\/Wrongful-Death-Lawyer.png\" \/>\n\t<meta property=\"og:image:width\" content=\"810\" \/>\n\t<meta property=\"og:image:height\" content=\"330\" \/>\n\t<meta property=\"og:image:type\" content=\"image\/png\" \/>\n<meta name=\"twitter:card\" content=\"summary_large_image\" \/>\n<meta name=\"twitter:site\" content=\"@ThePatelLawFirm\" \/>\n<meta name=\"twitter:label1\" content=\"Tiempo de lectura\" \/>\n\t<meta name=\"twitter:data1\" content=\"9 minutos\" \/>\n<!-- \/ Yoast SEO plugin. -->","yoast_head_json":{"title":"Abogado de Muerte por Negligencia en Houston","description":"Abogado de Muerte por Negligencia en Houston","robots":{"index":"index","follow":"follow","max-snippet":"max-snippet:-1","max-image-preview":"max-image-preview:large","max-video-preview":"max-video-preview:-1"},"canonical":"https:\/\/thepatelfirm.com\/es\/houston\/abogado-de-muerte\/","og_locale":"es_ES","og_type":"article","og_title":"Abogado de Muerte por Negligencia en Houston","og_description":"Abogado de Muerte por Negligencia en Houston","og_url":"https:\/\/thepatelfirm.com\/es\/houston\/abogado-de-muerte\/","og_site_name":"thepatelfirm.com Managed WordPress Site","article_publisher":"https:\/\/www.facebook.com\/thepatelfirmpllc\/","article_modified_time":"2026-02-16T17:32:50+00:00","og_image":[{"width":810,"height":330,"url":"https:\/\/thepatelfirm.com\/wp-content\/uploads\/2026\/02\/Wrongful-Death-Lawyer.png","type":"image\/png"}],"twitter_card":"summary_large_image","twitter_site":"@ThePatelLawFirm","twitter_misc":{"Tiempo de lectura":"9 minutos"},"schema":{"@context":"https:\/\/schema.org","@graph":[{"@type":"WebPage","@id":"https:\/\/thepatelfirm.com\/es\/houston\/abogado-de-muerte\/","url":"https:\/\/thepatelfirm.com\/es\/houston\/abogado-de-muerte\/","name":"Abogado de Muerte por Negligencia en Houston","isPartOf":{"@id":"https:\/\/thepatelfirm.com\/es\/#website"},"primaryImageOfPage":{"@id":"https:\/\/thepatelfirm.com\/es\/houston\/abogado-de-muerte\/#primaryimage"},"image":{"@id":"https:\/\/thepatelfirm.com\/es\/houston\/abogado-de-muerte\/#primaryimage"},"thumbnailUrl":"https:\/\/thepatelfirm.com\/wp-content\/uploads\/2026\/02\/Wrongful-Death-Lawyer.png","datePublished":"2026-02-06T07:41:29+00:00","dateModified":"2026-02-16T17:32:50+00:00","description":"Abogado de Muerte por Negligencia en Houston","breadcrumb":{"@id":"https:\/\/thepatelfirm.com\/es\/houston\/abogado-de-muerte\/#breadcrumb"},"inLanguage":"es","potentialAction":[{"@type":"ReadAction","target":["https:\/\/thepatelfirm.com\/es\/houston\/abogado-de-muerte\/"]}]},{"@type":"ImageObject","inLanguage":"es","@id":"https:\/\/thepatelfirm.com\/es\/houston\/abogado-de-muerte\/#primaryimage","url":"https:\/\/thepatelfirm.com\/wp-content\/uploads\/2026\/02\/Wrongful-Death-Lawyer.png","contentUrl":"https:\/\/thepatelfirm.com\/wp-content\/uploads\/2026\/02\/Wrongful-Death-Lawyer.png","width":810,"height":330},{"@type":"BreadcrumbList","@id":"https:\/\/thepatelfirm.com\/es\/houston\/abogado-de-muerte\/#breadcrumb","itemListElement":[{"@type":"ListItem","position":1,"name":"","item":"https:\/\/thepatelfirm.com\/es\/"},{"@type":"ListItem","position":2,"name":"Abogado de lesiones personales en Houston","item":"https:\/\/thepatelfirm.com\/es\/houston\/"},{"@type":"ListItem","position":3,"name":"Abogado de Muerte por Negligencia en Houston"}]},{"@type":"WebSite","@id":"https:\/\/thepatelfirm.com\/es\/#website","url":"https:\/\/thepatelfirm.com\/es\/","name":"The Patel Firm","description":"","publisher":{"@id":"https:\/\/thepatelfirm.com\/es\/#organization"},"potentialAction":[{"@type":"SearchAction","target":{"@type":"EntryPoint","urlTemplate":"https:\/\/thepatelfirm.com\/es\/?s={search_term_string}"},"query-input":{"@type":"PropertyValueSpecification","valueRequired":true,"valueName":"search_term_string"}}],"inLanguage":"es"},{"@type":"Organization","@id":"https:\/\/thepatelfirm.com\/es\/#organization","name":"The Patel Firm","url":"https:\/\/thepatelfirm.com\/es\/","logo":{"@type":"ImageObject","inLanguage":"es","@id":"https:\/\/thepatelfirm.com\/es\/#\/schema\/logo\/image\/","url":"https:\/\/thepatelfirm.com\/wp-content\/uploads\/2026\/01\/logo-header.svg","contentUrl":"https:\/\/thepatelfirm.com\/wp-content\/uploads\/2026\/01\/logo-header.svg","width":1,"height":1,"caption":"The Patel Firm"},"image":{"@id":"https:\/\/thepatelfirm.com\/es\/#\/schema\/logo\/image\/"},"sameAs":["https:\/\/www.facebook.com\/thepatelfirmpllc\/","https:\/\/x.com\/ThePatelLawFirm","https:\/\/www.instagram.com\/thepatellawfirm\/","https:\/\/www.linkedin.com\/company\/the-patel-firm-pllc","https:\/\/www.youtube.com\/channel\/UCftZ8j9wF-HsOsFYtd8HDog"]}]}},"_links":{"self":[{"href":"https:\/\/thepatelfirm.com\/es\/wp-json\/wp\/v2\/pages\/43014","targetHints":{"allow":["GET"]}}],"collection":[{"href":"https:\/\/thepatelfirm.com\/es\/wp-json\/wp\/v2\/pages"}],"about":[{"href":"https:\/\/thepatelfirm.com\/es\/wp-json\/wp\/v2\/types\/page"}],"author":[{"embeddable":true,"href":"https:\/\/thepatelfirm.com\/es\/wp-json\/wp\/v2\/users\/6"}],"replies":[{"embeddable":true,"href":"https:\/\/thepatelfirm.com\/es\/wp-json\/wp\/v2\/comments?post=43014"}],"version-history":[{"count":0,"href":"https:\/\/thepatelfirm.com\/es\/wp-json\/wp\/v2\/pages\/43014\/revisions"}],"up":[{"embeddable":true,"href":"https:\/\/thepatelfirm.com\/es\/wp-json\/wp\/v2\/pages\/42962"}],"wp:featuredmedia":[{"embeddable":true,"href":"https:\/\/thepatelfirm.com\/es\/wp-json\/wp\/v2\/media\/47754"}],"wp:attachment":[{"href":"https:\/\/thepatelfirm.com\/es\/wp-json\/wp\/v2\/media?parent=43014"}],"curies":[{"name":"wp","href":"https:\/\/api.w.org\/{rel}","templated":true}]}}